{"id":97,"date":"2019-10-25T11:30:41","date_gmt":"2019-10-25T11:30:41","guid":{"rendered":"http:\/\/minicards.es\/home\/?page_id=97"},"modified":"2019-12-11T14:37:05","modified_gmt":"2019-12-11T14:37:05","slug":"history","status":"publish","type":"page","link":"https:\/\/minicards.es\/index.php\/history\/","title":{"rendered":"Sobre nosotros"},"content":{"rendered":"\n<h3 class=\"wp-block-heading\">Minicards Global<\/h3>\n\n\n\n<p>El concepto Minicards se lanz\u00f3 en Amsterdam en 2001 para ofrecer a los anunciantes un sistema probado y efectivo para llegar a millones de turistas en su ciudad.&nbsp;Las tarjetas proporcionan informaci\u00f3n tur\u00edstica y descuentos, y se muestran en hoteles, hostales y otros tipos de lugares con muchos turistas.<\/p>\n\n\n\n<p>En los \u00faltimos a\u00f1os, las tarjetas y los soportes aparecieron en todo el mundo. Ahora, puede encontrar Minicards en m\u00e1s de 20 pa\u00edses , en m\u00e1s de 100 ciudades y regiones, en 8.000 hoteles: es un sistema mundialmente conocido y un concepto reconocible para los turistas.<\/p>\n\n\n\n<br>\n<div id=\"wpgmza_map\" class=\"wpgmza_map\" data-settings=\"{&quot;id&quot;:&quot;1&quot;,&quot;map_title&quot;:&quot;Minicards Global&quot;,&quot;map_width&quot;:&quot;100&quot;,&quot;map_height&quot;:&quot;400&quot;,&quot;map_start_lat&quot;:&quot;52.366697&quot;,&quot;map_start_lng&quot;:&quot;4.894540&quot;,&quot;map_start_location&quot;:&quot;52.3666969,4.894539799999961&quot;,&quot;map_start_zoom&quot;:&quot;3&quot;,&quot;default_marker&quot;:&quot;0&quot;,&quot;type&quot;:&quot;1&quot;,&quot;alignment&quot;:&quot;1&quot;,&quot;directions_enabled&quot;:&quot;1&quot;,&quot;styling_enabled&quot;:&quot;0&quot;,&quot;styling_json&quot;:&quot;&quot;,&quot;active&quot;:&quot;0&quot;,&quot;kml&quot;:&quot;&quot;,&quot;bicycle&quot;:&quot;0&quot;,&quot;traffic&quot;:&quot;0&quot;,&quot;dbox&quot;:&quot;1&quot;,&quot;dbox_width&quot;:&quot;100&quot;,&quot;listmarkers&quot;:&quot;0&quot;,&quot;listmarkers_advanced&quot;:&quot;0&quot;,&quot;filterbycat&quot;:&quot;0&quot;,&quot;ugm_enabled&quot;:&quot;0&quot;,&quot;ugm_category_enabled&quot;:&quot;0&quot;,&quot;fusion&quot;:&quot;&quot;,&quot;map_width_type&quot;:&quot;\\\\%&quot;,&quot;map_height_type&quot;:&quot;px&quot;,&quot;mass_marker_support&quot;:&quot;1&quot;,&quot;ugm_access&quot;:&quot;0&quot;,&quot;order_markers_by&quot;:&quot;1&quot;,&quot;order_markers_choice&quot;:&quot;2&quot;,&quot;show_user_location&quot;:&quot;0&quot;,&quot;default_to&quot;:&quot;&quot;,&quot;other_settings&quot;:{&quot;store_locator_enabled&quot;:2,&quot;store_locator_distance&quot;:2,&quot;store_locator_default_radius&quot;:10,&quot;store_locator_not_found_message&quot;:&quot;No results found in this location. Please try again.&quot;,&quot;store_locator_bounce&quot;:1,&quot;store_locator_query_string&quot;:&quot;ZIP \\\/ Address:&quot;,&quot;store_locator_default_address&quot;:&quot;&quot;,&quot;wpgmza_store_locator_restrict&quot;:&quot;&quot;,&quot;wpgmza_store_locator_radius_style&quot;:&quot;modern&quot;,&quot;map_max_zoom&quot;:&quot;1&quot;,&quot;transport_layer&quot;:0,&quot;wpgmza_theme_data&quot;:&quot;[{\\&quot;featureType\\&quot;:\\&quot;administrative\\&quot;,\\&quot;elementType\\&quot;:\\&quot;all\\&quot;,\\&quot;stylers\\&quot;:[{\\&quot;visibility\\&quot;:\\&quot;on\\&quot;},{\\&quot;lightness\\&quot;:33}]},{\\&quot;featureType\\&quot;:\\&quot;landscape\\&quot;,\\&quot;elementType\\&quot;:\\&quot;all\\&quot;,\\&quot;stylers\\&quot;:[{\\&quot;color\\&quot;:\\&quot;#f2e5d4\\&quot;}]},{\\&quot;featureType\\&quot;:\\&quot;poi.park\\&quot;,\\&quot;elementType\\&quot;:\\&quot;geometry\\&quot;,\\&quot;stylers\\&quot;:[{\\&quot;color\\&quot;:\\&quot;#c5dac6\\&quot;}]},{\\&quot;featureType\\&quot;:\\&quot;poi.park\\&quot;,\\&quot;elementType\\&quot;:\\&quot;labels\\&quot;,\\&quot;stylers\\&quot;:[{\\&quot;visibility\\&quot;:\\&quot;on\\&quot;},{\\&quot;lightness\\&quot;:20}]},{\\&quot;featureType\\&quot;:\\&quot;road\\&quot;,\\&quot;elementType\\&quot;:\\&quot;all\\&quot;,\\&quot;stylers\\&quot;:[{\\&quot;lightness\\&quot;:20}]},{\\&quot;featureType\\&quot;:\\&quot;road.highway\\&quot;,\\&quot;elementType\\&quot;:\\&quot;geometry\\&quot;,\\&quot;stylers\\&quot;:[{\\&quot;color\\&quot;:\\&quot;#c5c6c6\\&quot;}]},{\\&quot;featureType\\&quot;:\\&quot;road.arterial\\&quot;,\\&quot;elementType\\&quot;:\\&quot;geometry\\&quot;,\\&quot;stylers\\&quot;:[{\\&quot;color\\&quot;:\\&quot;#e4d7c6\\&quot;}]},{\\&quot;featureType\\&quot;:\\&quot;road.local\\&quot;,\\&quot;elementType\\&quot;:\\&quot;geometry\\&quot;,\\&quot;stylers\\&quot;:[{\\&quot;color\\&quot;:\\&quot;#fbfaf7\\&quot;}]},{\\&quot;featureType\\&quot;:\\&quot;water\\&quot;,\\&quot;elementType\\&quot;:\\&quot;all\\&quot;,\\&quot;stylers\\&quot;:[{\\&quot;visibility\\&quot;:\\&quot;on\\&quot;},{\\&quot;color\\&quot;:\\&quot;#acbcc9\\&quot;}]}]&quot;,&quot;wpgmza_show_points_of_interest&quot;:1,&quot;wpgmza_auto_night&quot;:0}}\" data-map-id='1' Data-maps-engine='google-maps' data-shortcode-attributes=\"{&quot;id&quot;:&quot;1&quot;}\" style=\"display:block; overflow:auto; width:100%; height:400px; float:left;\"><\/div>\n\n\n\n<p style=\"color:#ffffff\" class=\"has-text-color\"><br>Samasegge<\/p>\n\n\n\n<h3 class=\"wp-block-heading\">Minicards en Espa\u00f1a<\/h3>\n\n\n\n<p>El sistema de las Minicards se lanz\u00f3 en Barcelona en julio de 2003, en 50 hoteles  con 15  anunciantes.  Desde entonces, se han encontrado tarjetas en m\u00e1s de 300 ubicaciones en hoteles y otras ubicaciones turisticas. En los \u00faltimos 16 a\u00f1os, unos 300  anunciantes nos han elegido. Estamos representados tambi\u00e9n en Madrid(2009), Valencia(2016), Canarias(2018) y Ibiza(2006).<\/p>\n\n\n\n<p>Si est\u00e1 interesado en montar la franquicia en su ciudad o regi\u00f3n: info@minicards.es,  +34 676 772 360.<\/p>\n\n\n\n<p><strong><a class=\"maxbutton-4 maxbutton maxbutton-franquicia\" href=\"\/index.php\/contactenos\/\"><span class='mb-text'>Info franquicia<\/span><\/a><\/strong><\/p>\n","protected":false},"excerpt":{"rendered":"<p>Minicards Global El concepto Minicards se lanz\u00f3 en Amsterdam en 2001 para ofrecer a los anunciantes un sistema probado y efectivo para llegar a millones de turistas en su ciudad.&nbsp;Las tarjetas proporcionan informaci\u00f3n tur\u00edstica y descuentos, y se muestran en hoteles, hostales y otros tipos de lugares con muchos turistas. En los \u00faltimos a\u00f1os, las [&hellip;]<\/p>\n","protected":false},"author":1,"featured_media":0,"parent":0,"menu_order":0,"comment_status":"closed","ping_status":"closed","template":"","meta":{"footnotes":""},"_links":{"self":[{"href":"https:\/\/minicards.es\/index.php\/wp-json\/wp\/v2\/pages\/97"}],"collection":[{"href":"https:\/\/minicards.es\/index.php\/wp-json\/wp\/v2\/pages"}],"about":[{"href":"https:\/\/minicards.es\/index.php\/wp-json\/wp\/v2\/types\/page"}],"author":[{"embeddable":true,"href":"https:\/\/minicards.es\/index.php\/wp-json\/wp\/v2\/users\/1"}],"replies":[{"embeddable":true,"href":"https:\/\/minicards.es\/index.php\/wp-json\/wp\/v2\/comments?post=97"}],"version-history":[{"count":22,"href":"https:\/\/minicards.es\/index.php\/wp-json\/wp\/v2\/pages\/97\/revisions"}],"predecessor-version":[{"id":356,"href":"https:\/\/minicards.es\/index.php\/wp-json\/wp\/v2\/pages\/97\/revisions\/356"}],"wp:attachment":[{"href":"https:\/\/minicards.es\/index.php\/wp-json\/wp\/v2\/media?parent=97"}],"curies":[{"name":"wp","href":"https:\/\/api.w.org\/{rel}","templated":true}]}}