{"id":592,"date":"2020-11-29T15:33:52","date_gmt":"2020-11-29T15:33:52","guid":{"rendered":"http:\/\/minicards.es\/?page_id=592"},"modified":"2021-08-11T12:26:39","modified_gmt":"2021-08-11T12:26:39","slug":"aplicaciones","status":"publish","type":"page","link":"https:\/\/minicards.es\/index.php\/aplicaciones\/","title":{"rendered":"Aplicaciones"},"content":{"rendered":"\n<p><strong>Aplicaciones espec\u00edficas para digital signage;<\/strong><\/p>\n\n\n\n<figure class=\"wp-block-image size-large is-resized\"><img loading=\"lazy\" decoding=\"async\" src=\"http:\/\/minicards.es\/wp-content\/uploads\/2020\/11\/image.png\" alt=\"\" class=\"wp-image-610\" width=\"398\" height=\"398\" srcset=\"https:\/\/minicards.es\/wp-content\/uploads\/2020\/11\/image.png 567w, https:\/\/minicards.es\/wp-content\/uploads\/2020\/11\/image-300x300.png 300w, https:\/\/minicards.es\/wp-content\/uploads\/2020\/11\/image-150x150.png 150w, https:\/\/minicards.es\/wp-content\/uploads\/2020\/11\/image-12x12.png 12w\" sizes=\"(max-width: 398px) 100vw, 398px\" \/><\/figure>\n\n\n\n<p><strong>TV de Sala de Reuniones<\/strong><\/p>\n\n\n\n<p><em>Sala id\u00f3nea. Tiempo correcto. La gente correcta. F\u00e1cil.<\/em><\/p>\n\n\n\n<p>Con Meeting TV, tiene todo lo que necesita para planificar una reuni\u00f3n de manera f\u00e1cil y volver a encontrarla en una peque\u00f1a pantalla digital signage junto a la sala de reuniones.<\/p>\n\n\n\n<figure class=\"wp-block-image size-large is-resized\"><img loading=\"lazy\" decoding=\"async\" src=\"http:\/\/minicards.es\/wp-content\/uploads\/2020\/11\/tv-de-sala-de-reuniones.jpg\" alt=\"\" class=\"wp-image-611\" width=\"420\" height=\"280\" srcset=\"https:\/\/minicards.es\/wp-content\/uploads\/2020\/11\/tv-de-sala-de-reuniones.jpg 567w, https:\/\/minicards.es\/wp-content\/uploads\/2020\/11\/tv-de-sala-de-reuniones-300x200.jpg 300w, https:\/\/minicards.es\/wp-content\/uploads\/2020\/11\/tv-de-sala-de-reuniones-16x12.jpg 16w\" sizes=\"(max-width: 420px) 100vw, 420px\" \/><\/figure>\n\n\n\n<p><strong>TV en vivo<\/strong><\/p>\n\n\n\n<p><em>Alterna tu digital signage con TV &#8216;regular&#8217;<\/em><\/p>\n\n\n\n<p>Has creado un buen programa de se\u00f1alizaci\u00f3n digital, pero a veces solo deseas encender el televisor. Particularmente durante eventos especiales como la Copa Mundial de F\u00fatbol o los Juegos Ol\u00edmpicos. Tu cuenta de Easyscreen te permite cambiar f\u00e1cilmente entre tu programa de se\u00f1alizaci\u00f3n digital y la televisi\u00f3n \u00abnormal\u00bb. Por lo tanto, en cualquier momento podr\u00e1s seguir eventos deportivos, activar noticias o ver otros programas de TV relevantes desde tu pantalla de se\u00f1alizaci\u00f3n digital.<\/p>\n\n\n\n<p>\u00bfDeseas mostrar esta pantalla completa o dentro de un dise\u00f1o de pantalla con, por ejemplo, tiempos de espera? \u00a1Ambos son posibles!<\/p>\n\n\n\n<h4 class=\"wp-block-heading\">Incluido en la licencia Full Power*<\/h4>\n\n\n\n<h5 class=\"wp-block-heading\">*Necesario reproductor avanzado<\/h5>\n\n\n\n<p><strong>Pantalla para Redes Sociales<\/strong><\/p>\n\n\n\n<p><em>Muestra lo que otros tienen que decir sobre tu marca<\/em><\/p>\n\n\n\n<p>Las Pantallas de Redes Sociales dan una dimensi\u00f3n v\u00edvida adicional a cualquier evento o entorno de oficina. Las publicaciones de diferentes medios sociales se pueden transmitir en vivo en tus pantallas de publicidad. Con\u00e9ctate con tu audiencia, anticipa lo que dicen y estimula la interacci\u00f3n y el compromiso.<\/p>\n\n\n\n<figure class=\"wp-block-image size-large is-resized\"><img loading=\"lazy\" decoding=\"async\" src=\"http:\/\/minicards.es\/wp-content\/uploads\/2020\/11\/pantalla-de-redes-sociales.jpg\" alt=\"\" class=\"wp-image-613\" width=\"441\" height=\"258\" srcset=\"https:\/\/minicards.es\/wp-content\/uploads\/2020\/11\/pantalla-de-redes-sociales.jpg 567w, https:\/\/minicards.es\/wp-content\/uploads\/2020\/11\/pantalla-de-redes-sociales-300x175.jpg 300w, https:\/\/minicards.es\/wp-content\/uploads\/2020\/11\/pantalla-de-redes-sociales-16x9.jpg 16w\" sizes=\"(max-width: 441px) 100vw, 441px\" \/><\/figure>\n\n\n\n<p><strong>TV de Se\u00f1alizaci\u00f3n<\/strong><\/p>\n\n\n\n<p><em>Dirige a tus visitantes en la direcci\u00f3n correcta y mejora su experiencia.<\/em><\/p>\n\n\n\n<p>Las pantallas de mapas ofrecen una descripci\u00f3n general de las diferentes salas y espacios del edificio y permite a los visitantes encontrar de forma r\u00e1pida y f\u00e1cil lo que buscan. Esto es particularmente \u00fatil para salas de conferencias, edificios de oficinas corporativas e instituciones de salud, como hospitales.<\/p>\n\n\n\n<figure class=\"wp-block-gallery columns-1 is-cropped wp-block-gallery-1 is-layout-flex wp-block-gallery-is-layout-flex\"><ul class=\"blocks-gallery-grid\"><li class=\"blocks-gallery-item\"><figure><img loading=\"lazy\" decoding=\"async\" width=\"566\" height=\"297\" src=\"http:\/\/minicards.es\/wp-content\/uploads\/2020\/11\/Wayfinding-1.gif\" alt=\"\" data-id=\"620\" data-full-url=\"http:\/\/minicards.es\/wp-content\/uploads\/2020\/11\/Wayfinding-1.gif\" data-link=\"http:\/\/minicards.es\/index.php\/aplicaciones\/wayfinding-1\/\" class=\"wp-image-620\"\/><\/figure><\/li><\/ul><\/figure>\n\n\n\n<p><strong>Menu TV<\/strong><\/p>\n\n\n\n<p><em>Deja que tus clientes decidan mientras esperan.<\/em><\/p>\n\n\n\n<p>Con Menu TV, informa a tus clientes sobre el cambio de men\u00fa del d\u00eda o semana y de las ofertas especiales. Los cambios en el men\u00fa son f\u00e1ciles de implementar y son visibles inmediatamente en tu monitor informativo de carteler\u00eda digital. Tambi\u00e9n, puedes estimular las ventas mediante el uso de v\u00eddeos y fotograf\u00edas.<\/p>\n\n\n\n<figure class=\"wp-block-image size-large is-resized\"><img loading=\"lazy\" decoding=\"async\" src=\"http:\/\/minicards.es\/wp-content\/uploads\/2020\/11\/pantalla-de-menu-1.jpg\" alt=\"\" class=\"wp-image-621\" width=\"456\" height=\"401\" srcset=\"https:\/\/minicards.es\/wp-content\/uploads\/2020\/11\/pantalla-de-menu-1.jpg 540w, https:\/\/minicards.es\/wp-content\/uploads\/2020\/11\/pantalla-de-menu-1-300x264.jpg 300w, https:\/\/minicards.es\/wp-content\/uploads\/2020\/11\/pantalla-de-menu-1-14x12.jpg 14w\" sizes=\"(max-width: 456px) 100vw, 456px\" \/><\/figure>\n\n\n\n<p><strong>TV de equipo<\/strong><\/p>\n\n\n\n<p><em>Involucra a tus empleados con informaci\u00f3n de la compa\u00f1\u00eda.<\/em><\/p>\n\n\n\n<p>Debido a los avances tecnol\u00f3gicos, presentar y compartir informaci\u00f3n es m\u00e1s importante que nunca. Como organizaci\u00f3n, quieres mantener a tus empleados bien informados y actualizados para que sigan comprometidos. La tv de equipo es perfecta para mejorar las relaciones y la comunicaci\u00f3n interna de tus empleados.<\/p>\n\n\n\n<figure class=\"wp-block-image size-large is-resized\"><img loading=\"lazy\" decoding=\"async\" src=\"http:\/\/minicards.es\/wp-content\/uploads\/2020\/11\/tv-de-equipo.jpg\" alt=\"\" class=\"wp-image-624\" width=\"503\" height=\"294\" srcset=\"https:\/\/minicards.es\/wp-content\/uploads\/2020\/11\/tv-de-equipo.jpg 567w, https:\/\/minicards.es\/wp-content\/uploads\/2020\/11\/tv-de-equipo-300x175.jpg 300w, https:\/\/minicards.es\/wp-content\/uploads\/2020\/11\/tv-de-equipo-16x9.jpg 16w\" sizes=\"(max-width: 503px) 100vw, 503px\" \/><\/figure>\n\n\n\n<p><strong>POS TV<\/strong> (point of sales TV)<\/p>\n\n\n\n<p><em>Seduce a tus clientes justo cuando est\u00e1n buscando el producto correcto.<\/em><\/p>\n\n\n\n<p>Con POS TV, puedes transmitir un mensaje muy espec\u00edfico con los USP de tus productos. Con diferentes tipos de pantallas digitales, ya sean peque\u00f1as o grandes en el estante, al lado de su producto.<\/p>\n\n\n\n<figure class=\"wp-block-image size-large is-resized\"><img loading=\"lazy\" decoding=\"async\" src=\"http:\/\/minicards.es\/wp-content\/uploads\/2020\/11\/pos-tv.jpg\" alt=\"\" class=\"wp-image-623\" width=\"441\" height=\"257\" srcset=\"https:\/\/minicards.es\/wp-content\/uploads\/2020\/11\/pos-tv.jpg 567w, https:\/\/minicards.es\/wp-content\/uploads\/2020\/11\/pos-tv-300x175.jpg 300w, https:\/\/minicards.es\/wp-content\/uploads\/2020\/11\/pos-tv-16x9.jpg 16w\" sizes=\"(max-width: 441px) 100vw, 441px\" \/><\/figure>\n\n\n\n<p><strong>TV en vivo<\/strong><\/p>\n\n\n\n<p><em>Enriquece tu contenido con un feed de c\u00e1mara en vivo<\/em><\/p>\n\n\n\n<p>La alimentaci\u00f3n de c\u00e1maras en vivo atrae la atenci\u00f3n. El enlace entre las im\u00e1genes de la c\u00e1mara y su sistema de se\u00f1alizaci\u00f3n digital le ofrece ventajas sin precedentes.<\/p>\n\n\n\n<figure class=\"wp-block-image size-large is-resized\"><img loading=\"lazy\" decoding=\"async\" src=\"http:\/\/minicards.es\/wp-content\/uploads\/2020\/11\/tv-en-vivo.jpg\" alt=\"\" class=\"wp-image-614\" width=\"473\" height=\"276\" srcset=\"https:\/\/minicards.es\/wp-content\/uploads\/2020\/11\/tv-en-vivo.jpg 567w, https:\/\/minicards.es\/wp-content\/uploads\/2020\/11\/tv-en-vivo-300x175.jpg 300w, https:\/\/minicards.es\/wp-content\/uploads\/2020\/11\/tv-en-vivo-16x9.jpg 16w\" sizes=\"(max-width: 473px) 100vw, 473px\" \/><\/figure>\n\n\n\n<p><strong>M\u00e1s utilidades de Digital Signage<\/strong><\/p>\n\n\n\n<p><strong>\u00bfBuscas tu propia soluci\u00f3n \u00fanica y espec\u00edfica? \u00a1 Preg\u00fantanos !<\/strong><\/p>\n\n\n\n<p>Podemos adaptar completamente nuestras aplicaciones espec\u00edficas para digital signage y con tus requisitos particulares.<\/p>\n\n\n\n<ul><li>Para cada marca<\/li><li>Cada estilo<\/li><li>Todos los tipos de contenido<\/li><li>Cada solicitud<\/li><\/ul>\n\n\n\n<p>Nuestro equipo creativo desarrollar\u00e1 plantillas personalizadas, contenido de marketing visual basados en tu solicitud. Cont\u00e1ctanos para cualquier propuesta creativa que desees.<\/p>\n\n\n\n<p>Contacta con Minicards<\/p>\n\n\n\n<p>Chatea con nosotros o llama al 0034 676772360<\/p>\n","protected":false},"excerpt":{"rendered":"<p>Aplicaciones espec\u00edficas para digital signage; TV de Sala de Reuniones Sala id\u00f3nea. Tiempo correcto. La gente correcta. F\u00e1cil. Con Meeting TV, tiene todo lo que necesita para planificar una reuni\u00f3n de manera f\u00e1cil y volver a encontrarla en una peque\u00f1a pantalla digital signage junto a la sala de reuniones. TV en vivo Alterna tu digital [&hellip;]<\/p>\n","protected":false},"author":1,"featured_media":0,"parent":0,"menu_order":0,"comment_status":"closed","ping_status":"closed","template":"","meta":{"footnotes":""},"_links":{"self":[{"href":"https:\/\/minicards.es\/index.php\/wp-json\/wp\/v2\/pages\/592"}],"collection":[{"href":"https:\/\/minicards.es\/index.php\/wp-json\/wp\/v2\/pages"}],"about":[{"href":"https:\/\/minicards.es\/index.php\/wp-json\/wp\/v2\/types\/page"}],"author":[{"embeddable":true,"href":"https:\/\/minicards.es\/index.php\/wp-json\/wp\/v2\/users\/1"}],"replies":[{"embeddable":true,"href":"https:\/\/minicards.es\/index.php\/wp-json\/wp\/v2\/comments?post=592"}],"version-history":[{"count":12,"href":"https:\/\/minicards.es\/index.php\/wp-json\/wp\/v2\/pages\/592\/revisions"}],"predecessor-version":[{"id":676,"href":"https:\/\/minicards.es\/index.php\/wp-json\/wp\/v2\/pages\/592\/revisions\/676"}],"wp:attachment":[{"href":"https:\/\/minicards.es\/index.php\/wp-json\/wp\/v2\/media?parent=592"}],"curies":[{"name":"wp","href":"https:\/\/api.w.org\/{rel}","templated":true}]}}