{"id":568,"date":"2020-11-15T16:45:55","date_gmt":"2020-11-15T16:45:55","guid":{"rendered":"http:\/\/minicards.es\/?page_id=568"},"modified":"2020-12-03T09:57:41","modified_gmt":"2020-12-03T09:57:41","slug":"hardware","status":"publish","type":"page","link":"https:\/\/minicards.es\/index.php\/hardware\/","title":{"rendered":"Hardware"},"content":{"rendered":"\n<figure class=\"wp-block-image size-large is-resized\"><img loading=\"lazy\" decoding=\"async\" src=\"http:\/\/minicards.es\/wp-content\/uploads\/2020\/11\/etalage-1.jpg\" alt=\"\" class=\"wp-image-633\" width=\"585\" height=\"128\" srcset=\"https:\/\/minicards.es\/wp-content\/uploads\/2020\/11\/etalage-1.jpg 960w, https:\/\/minicards.es\/wp-content\/uploads\/2020\/11\/etalage-1-300x66.jpg 300w, https:\/\/minicards.es\/wp-content\/uploads\/2020\/11\/etalage-1-768x168.jpg 768w, https:\/\/minicards.es\/wp-content\/uploads\/2020\/11\/etalage-1-16x4.jpg 16w\" sizes=\"(max-width: 585px) 100vw, 585px\" \/><\/figure>\n\n\n\n<p><strong>El mejor soporte f\u00edsico de se\u00f1alizaci\u00f3n digital<\/strong><\/p>\n\n\n\n<p>Signagecontrol proporciona a miles de clientes el mejor&nbsp; hardware y soporte f\u00edsico de se\u00f1alizaci\u00f3n digital: reproductores multimedia y pantallas profesionales de se\u00f1alizaci\u00f3n inteligente de Samsung o pantallas de carteler\u00eda digital. Seleccionamos nuestros reproductores multimedia con gran cuidado en funci\u00f3n de la robustez y la estabilidad, por lo que el marketing de contenidos se reproduce sin problemas. Entendemos que un sistema de se\u00f1alizaci\u00f3n digital debe ser estable, f\u00e1cil de usar y sin complicaciones. Proporcionamos diferentes tipos de pantallas digitales adecuadas para cada tipo de ubicaci\u00f3n. Ofrecemos pantallas led de digital signage para interiores y exteriores de diferentes tama\u00f1os.<\/p>\n\n\n\n<p><strong>Soporte f\u00edsico: reproductor multimedia<\/strong><\/p>\n\n\n\n<p>Signagecontrol est\u00e1 integrado con dispositivos multimedia digitales. La plataforma de se\u00f1alizaci\u00f3n digital Signagecontrol se ejecuta en Samsung Tizen, el \u00faltimo monitor de carteler\u00eda digital de Samsung con reproductor de medios digitales incorporado. La soluci\u00f3n System On Chip (Samsung SOC) de Samsung combina una innovadora y profesional pantalla para publicidad inteligente de Samsung con una plataforma de se\u00f1alizaci\u00f3n inteligente de la misma marca. Al igual que otros jugadores de alta calidad, es estable, confiable y r\u00e1pido de cargar.<\/p>\n\n\n\n<p><strong>Reproductor multimedia&nbsp;HTML5 HD&nbsp;<\/strong><\/p>\n\n\n\n<figure class=\"wp-block-image size-large is-resized\"><img loading=\"lazy\" decoding=\"async\" src=\"http:\/\/minicards.es\/wp-content\/uploads\/2020\/11\/tizen.jpg\" alt=\"\" class=\"wp-image-570\" width=\"315\" height=\"176\" srcset=\"https:\/\/minicards.es\/wp-content\/uploads\/2020\/11\/tizen.jpg 630w, https:\/\/minicards.es\/wp-content\/uploads\/2020\/11\/tizen-300x168.jpg 300w, https:\/\/minicards.es\/wp-content\/uploads\/2020\/11\/tizen-16x9.jpg 16w\" sizes=\"(max-width: 315px) 100vw, 315px\" \/><\/figure>\n\n\n\n<h3 class=\"wp-block-heading\">Samsung Tizen<\/h3>\n\n\n\n<h2 class=\"wp-block-heading\">Samsung Tizen: pantalla potente con reproductor multimedia incorporado<\/h2>\n\n\n\n<p>Nuestra soluci\u00f3n de se\u00f1alizaci\u00f3n digital con la mayor\u00eda de las funciones ahora est\u00e1 integrada con la nueva pantalla Tizen m\u00e1s innovadora y poderosa de Samsung: un monitor de se\u00f1alizaci\u00f3n digital con un dispositivo multimedia incorporado. Como pioneros, estamos trabajando estrechamente con Samsung para crear pantallas visuales integradas. Nuestro inteligente cms software de digital signage, con sus amplias funciones y posibilidades para cada sector, se complementa a la perfecci\u00f3n con las potentes pantallas profesionales de Samsung. Tizen es una 4rta generaci\u00f3n de Samsung System On Chip (SOC) y supera las expectativas con un:<\/p>\n\n\n\n<ul><li>Tiempo de carga muy r\u00e1pido<\/li><li>Rendimiento m\u00e1s estable y m\u00e1s fuerte<\/li><li>Rendimiento de la animaci\u00f3n tres veces superior en comparaci\u00f3n con los modelos anteriores;<\/li><li>HTML5 animation support<\/li><\/ul>\n\n\n\n<h2 class=\"wp-block-heading\">Ya tienes una pantalla para publicidad? Elige nuestro reproductor multimedia HD HTML5<\/h2>\n\n\n\n<p>Los dispositivos de se\u00f1alizaci\u00f3n digital&nbsp;<a href=\"http:\/\/www.iadea.com\/media-players\/\">IAdea<\/a>&nbsp;te traen el futuro. Son conocidos por su velocidad y confiabilidad, ya que est\u00e1n dise\u00f1ados espec\u00edficamente para la carteler\u00eda digital. Signagecontrol, trabaja exclusivamente con IAdea y es por ello, que podemos configurar tu reproductor multimedia. Te lo enviamos directamente o te lo instalamos en el lugar que desees. Puedes estar 100% seguro de que tu reproductor multimedia digital estar\u00e1 configurado correctamente y maximizar\u00e1 todo el potencial del software Signagecontrol<\/p>\n\n\n\n<figure class=\"wp-block-image size-large is-resized\"><img loading=\"lazy\" decoding=\"async\" src=\"http:\/\/minicards.es\/wp-content\/uploads\/2020\/11\/mooi-scherm-gaudi.jpg\" alt=\"\" class=\"wp-image-628\" width=\"246\" height=\"468\" srcset=\"https:\/\/minicards.es\/wp-content\/uploads\/2020\/11\/mooi-scherm-gaudi.jpg 330w, https:\/\/minicards.es\/wp-content\/uploads\/2020\/11\/mooi-scherm-gaudi-157x300.jpg 157w, https:\/\/minicards.es\/wp-content\/uploads\/2020\/11\/mooi-scherm-gaudi-6x12.jpg 6w\" sizes=\"(max-width: 246px) 100vw, 246px\" \/><\/figure>\n\n\n\n<h2 class=\"wp-block-heading\"><br>Componentes f\u00edsicos: pantallas<\/h2>\n\n\n\n<p>Un televisor de se\u00f1alizaci\u00f3n inteligente LED de Samsung brinda una imagen clara y, gracias a sus componentes de calidad, tiene una vida \u00fatil m\u00e1s larga. Para las soluciones especiales de carteler\u00eda digital, el uso de Videowalls, Shop Window TV y Outdoor ser\u00e1 un verdadero atractivo. Incluso las pantallas m\u00e1s peque\u00f1as, como las de Samsung o iAdea en la gama de productos, tendr\u00e1n un gran impacto.<\/p>\n\n\n\n<h2 class=\"wp-block-heading\"><strong>Video de paredes<\/strong><\/h2>\n\n\n\n<p><em>Crea un gran impacto visual para impresionar a tu audiencia<\/em><\/p>\n\n\n\n<p>Cuanto m\u00e1s grande, mejor y m\u00e1s f\u00e1cil. Elige entre las opciones est\u00e1ndar, grande y creativa. Crea un gran video en forma de videowall, flor o molino de viento y enfatiza tu mensaje audiovisual. Nuestra soluci\u00f3n de pared de video ofrece interactividad para tus clientes y es f\u00e1cil de administrar. Al igual que con todos nuestros productos. Los videowalls proporciona una soluci\u00f3n vers\u00e1til para tu desaf\u00edo de medios AV digitales. Siempre estamos buscando la combinaci\u00f3n \u00f3ptima de hardware, plataforma y contenido original para la mejorar la experiencia del cliente.\u00a0<\/p>\n\n\n\n<figure class=\"wp-block-image size-large is-resized\"><img loading=\"lazy\" decoding=\"async\" src=\"http:\/\/minicards.es\/wp-content\/uploads\/2020\/12\/videowall.jpg\" alt=\"\" class=\"wp-image-647\" width=\"401\" height=\"225\" srcset=\"https:\/\/minicards.es\/wp-content\/uploads\/2020\/12\/videowall.jpg 760w, https:\/\/minicards.es\/wp-content\/uploads\/2020\/12\/videowall-300x169.jpg 300w, https:\/\/minicards.es\/wp-content\/uploads\/2020\/12\/videowall-16x9.jpg 16w\" sizes=\"(max-width: 401px) 100vw, 401px\" \/><\/figure>\n\n\n\n<h2 class=\"wp-block-heading\"><strong>Pantallas exteriores<\/strong><\/h2>\n\n\n\n<p><em>Las pantallas led para exteriores ofrecen una forma poderosa de llegar a grandes audiencias.<\/em><\/p>\n\n\n\n<p>Las pantallas exteriores tienen una salida de luz muy alta por lo que tu mensaje se muestra en alta calidad en todas las condiciones clim\u00e1ticas. Las pantallas informativas digitales exteriores se pueden montar en diferentes lugares, como contra la fachada de un edificio o en m\u00e1stiles. Nuestros monitores informativos para exteriores son resistentes a factores externos como el calor, la lluvia, la nieve o el polvo. La pantalla digital se puede usar 24\/7 en temperaturas que var\u00edan entre -30 y 50 grados gracias al sistema Steady Cooling. Cualquier mensaje se puede mostrar en estas resistentes pantallas led. Desde v\u00eddeos y animaciones hasta anuncios y banners.<\/p>\n\n\n\n<h2 class=\"wp-block-heading\"><strong>Pantallas digitales escaparate<\/strong><\/h2>\n\n\n\n<p><em>El atractivo de la imagen en movimiento<\/em><\/p>\n\n\n\n<p>Aseg\u00farate que captas la atenci\u00f3n de los transe\u00fantes hacia tu tienda y que entran para ser seducidos y salgan como clientes satisfechos; es ideal para minoristas. Los nuevos desarrollos, como la l\u00e1mina t\u00e1ctil, garantizan que puedas atender a los clientes interesados a trav\u00e9s de un enfoque futurista mediante el escaparate o ventanas de la tienda. Los alienta a acceder de forma interactiva a tu sitio web, comercio electr\u00f3nico o base de datos con el producto ofrecido. Una pantalla t\u00e1ctil tambi\u00e9n permite el registro perfecto para campa\u00f1as, competiciones o la recopilaci\u00f3n de informaci\u00f3n \u00fatil de posibles nuevos clientes.<\/p>\n\n\n\n<figure class=\"wp-block-image size-large\"><img loading=\"lazy\" decoding=\"async\" width=\"412\" height=\"582\" src=\"http:\/\/minicards.es\/wp-content\/uploads\/2020\/11\/etalage.jpg\" alt=\"\" class=\"wp-image-572\" srcset=\"https:\/\/minicards.es\/wp-content\/uploads\/2020\/11\/etalage.jpg 412w, https:\/\/minicards.es\/wp-content\/uploads\/2020\/11\/etalage-212x300.jpg 212w, https:\/\/minicards.es\/wp-content\/uploads\/2020\/11\/etalage-8x12.jpg 8w\" sizes=\"(max-width: 412px) 100vw, 412px\" \/><\/figure>\n\n\n\n<h2 class=\"wp-block-heading\"><strong>Pantallas peque\u00f1as<\/strong><\/h2>\n\n\n\n<p><em>La atracci\u00f3n de la imagen en movimiento<\/em><\/p>\n\n\n\n<p>El digital signage se puede utilizar con una variedad de formatos de pantallas y de formatos comunes como pantallas de 32&#8243;, 40&#8243; y 80&#8243;. Las pantallas led para negocios m\u00e1s peque\u00f1as como las de 10&#8243; o 12&#8243;, son ideales para contenido espec\u00edfico. Puedes considerar, por ejemplo, pantallas de estante de 10&#8243; con contenido visual sobre un producto espec\u00edfico o util\u00edzalo como una tarjeta de estante digital. \u00bfEst\u00e1s buscando una carcasa de pantalla para un rinc\u00f3n infantil? Las pantallas led m\u00e1s peque\u00f1as tambi\u00e9n, son \u00fatiles para \u00e9sto.<\/p>\n\n\n\n<figure class=\"wp-block-image size-large\"><img loading=\"lazy\" decoding=\"async\" width=\"388\" height=\"240\" src=\"http:\/\/minicards.es\/wp-content\/uploads\/2020\/12\/pantallas-pequenas.jpg\" alt=\"\" class=\"wp-image-649\" srcset=\"https:\/\/minicards.es\/wp-content\/uploads\/2020\/12\/pantallas-pequenas.jpg 388w, https:\/\/minicards.es\/wp-content\/uploads\/2020\/12\/pantallas-pequenas-300x186.jpg 300w, https:\/\/minicards.es\/wp-content\/uploads\/2020\/12\/pantallas-pequenas-16x10.jpg 16w\" sizes=\"(max-width: 388px) 100vw, 388px\" \/><\/figure>\n\n\n\n<h2 class=\"wp-block-heading\">\u00bfNecesitas consejos? Estaremos encantados de ayudarte<\/h2>\n\n\n\n<p>Nuestro equipo t\u00e9cnico, el m\u00e1s grande de Europa, desarrolla y mejora continuamente el software e integra el soporte f\u00edsico de se\u00f1alizaci\u00f3n digital en nuestra plataforma. \u00bfQuieres saber qu\u00e9 hardware de se\u00f1alizaci\u00f3n digital estamos probando actualmente o hemos lanzado en beta? \u00bfO tal vez tienes un proyecto que usa componentes f\u00edsicos espec\u00edficos que te gustar\u00eda conectar a nuestra plataforma? Simplemente completa el formulario en el lado derecho y nos pondremos en contacto contigo lo antes posible.<\/p>\n\n\n\n<p><strong>\u00bfPrefieres contacto personal?&nbsp;<\/strong>Ll\u00e1manos al 676772360.<\/p>\n","protected":false},"excerpt":{"rendered":"<p>El mejor soporte f\u00edsico de se\u00f1alizaci\u00f3n digital Signagecontrol proporciona a miles de clientes el mejor&nbsp; hardware y soporte f\u00edsico de se\u00f1alizaci\u00f3n digital: reproductores multimedia y pantallas profesionales de se\u00f1alizaci\u00f3n inteligente de Samsung o pantallas de carteler\u00eda digital. Seleccionamos nuestros reproductores multimedia con gran cuidado en funci\u00f3n de la robustez y la estabilidad, por lo que [&hellip;]<\/p>\n","protected":false},"author":1,"featured_media":0,"parent":0,"menu_order":0,"comment_status":"closed","ping_status":"closed","template":"","meta":{"footnotes":""},"_links":{"self":[{"href":"https:\/\/minicards.es\/index.php\/wp-json\/wp\/v2\/pages\/568"}],"collection":[{"href":"https:\/\/minicards.es\/index.php\/wp-json\/wp\/v2\/pages"}],"about":[{"href":"https:\/\/minicards.es\/index.php\/wp-json\/wp\/v2\/types\/page"}],"author":[{"embeddable":true,"href":"https:\/\/minicards.es\/index.php\/wp-json\/wp\/v2\/users\/1"}],"replies":[{"embeddable":true,"href":"https:\/\/minicards.es\/index.php\/wp-json\/wp\/v2\/comments?post=568"}],"version-history":[{"count":5,"href":"https:\/\/minicards.es\/index.php\/wp-json\/wp\/v2\/pages\/568\/revisions"}],"predecessor-version":[{"id":650,"href":"https:\/\/minicards.es\/index.php\/wp-json\/wp\/v2\/pages\/568\/revisions\/650"}],"wp:attachment":[{"href":"https:\/\/minicards.es\/index.php\/wp-json\/wp\/v2\/media?parent=568"}],"curies":[{"name":"wp","href":"https:\/\/api.w.org\/{rel}","templated":true}]}}