{"id":558,"date":"2020-11-15T16:30:28","date_gmt":"2020-11-15T16:30:28","guid":{"rendered":"http:\/\/minicards.es\/?page_id=558"},"modified":"2020-11-29T16:37:34","modified_gmt":"2020-11-29T16:37:34","slug":"centros-de-salud-y-farmacias","status":"publish","type":"page","link":"https:\/\/minicards.es\/index.php\/centros-de-salud-y-farmacias\/","title":{"rendered":"Centros de salud y farmacias"},"content":{"rendered":"\n<figure class=\"wp-block-image size-large\"><img loading=\"lazy\" decoding=\"async\" width=\"638\" height=\"420\" src=\"http:\/\/minicards.es\/wp-content\/uploads\/2020\/11\/Healthcare_Wachttijd2-espanol.jpg\" alt=\"\" class=\"wp-image-562\" srcset=\"https:\/\/minicards.es\/wp-content\/uploads\/2020\/11\/Healthcare_Wachttijd2-espanol.jpg 638w, https:\/\/minicards.es\/wp-content\/uploads\/2020\/11\/Healthcare_Wachttijd2-espanol-300x197.jpg 300w, https:\/\/minicards.es\/wp-content\/uploads\/2020\/11\/Healthcare_Wachttijd2-espanol-16x12.jpg 16w\" sizes=\"(max-width: 638px) 100vw, 638px\" \/><\/figure>\n\n\n\n<p><strong>Carteler\u00eda digital para centros de salud y farmacias<\/strong><\/p>\n\n\n\n<p>Si tus&nbsp;pacientes&nbsp;tienen que esperar, agradecer\u00e1n que hagas que su tiempo de espera sea lo m\u00e1s placentero posible. Con&nbsp;Digital Signage para farmacias y centros de salud, puedes informar a todos los pacientes sobre asuntos importantes y dar respuesta a las preguntas m\u00e1s frecuentes. La comunicaci\u00f3n continua a trav\u00e9s de&nbsp;pantallas de Se\u00f1alizaci\u00f3n Digital&nbsp;ahorra a todos mucho tiempo y conecta al visitante con&nbsp;cl\u00ednica&nbsp;o centro de salud.<\/p>\n\n\n\n<p>Hemos desarrollado un producto especial que es f\u00e1cil de usar para el&nbsp;sector de la salud y el bienestar. Crea clips de video con tus propios contenidos de manera f\u00e1cil y r\u00e1pida, usa nuestra biblioteca de m\u00e1s de 100 plantillas de video, agrega tu propia informaci\u00f3n \u00a1y listo!<\/p>\n\n\n\n<p>Adem\u00e1s, gracias a nuestra biblioteca de contenido puedes intercalar ese contenido con noticias, videos de entretenimiento o informaci\u00f3n sobre temas de salud.<\/p>\n\n\n\n<p>Todo esto, con tu propia identidad corporativa.<\/p>\n\n\n\n<figure class=\"wp-block-image size-large\"><img loading=\"lazy\" decoding=\"async\" width=\"638\" height=\"420\" src=\"http:\/\/minicards.es\/wp-content\/uploads\/2020\/11\/tiempo-met-cola-en-wachttijden.jpg\" alt=\"\" class=\"wp-image-563\" srcset=\"https:\/\/minicards.es\/wp-content\/uploads\/2020\/11\/tiempo-met-cola-en-wachttijden.jpg 638w, https:\/\/minicards.es\/wp-content\/uploads\/2020\/11\/tiempo-met-cola-en-wachttijden-300x197.jpg 300w, https:\/\/minicards.es\/wp-content\/uploads\/2020\/11\/tiempo-met-cola-en-wachttijden-16x12.jpg 16w\" sizes=\"(max-width: 638px) 100vw, 638px\" \/><\/figure>\n\n\n\n<p><strong>PROMOVER LA SATISFACCI\u00d3N DEL PACIENTE<\/strong><\/p>\n\n\n\n<p><strong>Ventajas del uso de la carteler\u00eda digital en salud<\/strong><\/p>\n\n\n\n<p>Utiliza la&nbsp;carteler\u00eda digital en el sector salud&nbsp;para tener siempre visible la informaci\u00f3n sobre tu cl\u00ednica o centro de salud. Puedes&nbsp;informar a los pacientes&nbsp;si su cita se retrasar\u00e1 o no y qu\u00e9 m\u00e9dicos est\u00e1n presentes.<\/p>\n\n\n\n<p>Con las pantallas de digital signage, los pacientes&nbsp;conocen su tiempo de espera&nbsp;a tiempo real, lo que favorece la satisfacci\u00f3n del paciente. Crear\u00e1s tu propio programa variado, dentro del cual siempre se&nbsp;muestra la informaci\u00f3n&nbsp;de tiempo de espera.<\/p>\n\n\n\n<p>Con la funci\u00f3n de QuikEdit puedes ajustar estos tiempos muy f\u00e1cilmente sin tener que iniciar sesi\u00f3n en el sistema de se\u00f1alizaci\u00f3n digital.<\/p>\n\n\n\n<h4 class=\"wp-block-heading\">\u00bfQui\u00e9n es el siguiente?<\/h4>\n\n\n\n<h2 class=\"wp-block-heading\">Sistema de gesti\u00f3n de colas<\/h2>\n\n\n\n<p>La se\u00f1alizaci\u00f3n digital se vincula f\u00e1cilmente a un&nbsp;<strong>sistema de gesti\u00f3n de colas y tiempo de espera de los clientes<\/strong>. Varios empleados pueden controlar el sistema simult\u00e1neamente presionando un bot\u00f3n en el escritorio. El paciente ve inmediatamente cu\u00e1ndo es su turno y en qu\u00e9 consulta se le espera. Para la integraci\u00f3n con el sistema de se\u00f1alizaci\u00f3n digital tenemos 3 sistemas de administraci\u00f3n de colas:&nbsp;Comsysco,&nbsp;Apotheek Partners&nbsp;y Qmatic.<\/p>\n\n\n\n<figure class=\"wp-block-embed-youtube wp-block-embed is-type-video is-provider-youtube wp-embed-aspect-16-9 wp-has-aspect-ratio\"><div class=\"wp-block-embed__wrapper\">\n<iframe loading=\"lazy\" title=\"Cl\u00ednica Cemo | Carteler\u00eda digital para cl\u00ednicas y hospitales | Casos de clientes  | Digital Signage\" width=\"900\" height=\"506\" src=\"https:\/\/www.youtube.com\/embed\/-zygXXquY4o?feature=oembed\" frameborder=\"0\" allow=\"accelerometer; autoplay; clipboard-write; encrypted-media; gyroscope; picture-in-picture\" allowfullscreen><\/iframe>\n<\/div><\/figure>\n","protected":false},"excerpt":{"rendered":"<p>Carteler\u00eda digital para centros de salud y farmacias Si tus&nbsp;pacientes&nbsp;tienen que esperar, agradecer\u00e1n que hagas que su tiempo de espera sea lo m\u00e1s placentero posible. Con&nbsp;Digital Signage para farmacias y centros de salud, puedes informar a todos los pacientes sobre asuntos importantes y dar respuesta a las preguntas m\u00e1s frecuentes. La comunicaci\u00f3n continua a trav\u00e9s [&hellip;]<\/p>\n","protected":false},"author":1,"featured_media":0,"parent":0,"menu_order":0,"comment_status":"closed","ping_status":"closed","template":"","meta":{"footnotes":""},"_links":{"self":[{"href":"https:\/\/minicards.es\/index.php\/wp-json\/wp\/v2\/pages\/558"}],"collection":[{"href":"https:\/\/minicards.es\/index.php\/wp-json\/wp\/v2\/pages"}],"about":[{"href":"https:\/\/minicards.es\/index.php\/wp-json\/wp\/v2\/types\/page"}],"author":[{"embeddable":true,"href":"https:\/\/minicards.es\/index.php\/wp-json\/wp\/v2\/users\/1"}],"replies":[{"embeddable":true,"href":"https:\/\/minicards.es\/index.php\/wp-json\/wp\/v2\/comments?post=558"}],"version-history":[{"count":4,"href":"https:\/\/minicards.es\/index.php\/wp-json\/wp\/v2\/pages\/558\/revisions"}],"predecessor-version":[{"id":605,"href":"https:\/\/minicards.es\/index.php\/wp-json\/wp\/v2\/pages\/558\/revisions\/605"}],"wp:attachment":[{"href":"https:\/\/minicards.es\/index.php\/wp-json\/wp\/v2\/media?parent=558"}],"curies":[{"name":"wp","href":"https:\/\/api.w.org\/{rel}","templated":true}]}}