{"id":552,"date":"2020-11-15T16:27:08","date_gmt":"2020-11-15T16:27:08","guid":{"rendered":"http:\/\/minicards.es\/?page_id=552"},"modified":"2020-11-29T16:34:11","modified_gmt":"2020-11-29T16:34:11","slug":"tiendas-y-marcas","status":"publish","type":"page","link":"https:\/\/minicards.es\/index.php\/tiendas-y-marcas\/","title":{"rendered":"Tiendas y marcas"},"content":{"rendered":"\n<figure class=\"wp-block-image size-large\"><img loading=\"lazy\" decoding=\"async\" width=\"638\" height=\"372\" src=\"http:\/\/minicards.es\/wp-content\/uploads\/2020\/11\/cleandynamics.png\" alt=\"\" class=\"wp-image-560\" srcset=\"https:\/\/minicards.es\/wp-content\/uploads\/2020\/11\/cleandynamics.png 638w, https:\/\/minicards.es\/wp-content\/uploads\/2020\/11\/cleandynamics-300x175.png 300w, https:\/\/minicards.es\/wp-content\/uploads\/2020\/11\/cleandynamics-16x9.png 16w\" sizes=\"(max-width: 638px) 100vw, 638px\" \/><\/figure>\n\n\n\n<p><strong>Se\u00f1alizaci\u00f3n digital para minoristas y marcas.<\/strong><\/p>\n\n\n\n<p>La se\u00f1alizaci\u00f3n digital es una excelente manera de inspirar a los compradores. Demuestra por qu\u00e9 deber\u00edan comprarte. Cu\u00e9ntales una historia sobre tus productos. Proporcione informaci\u00f3n sobre los horarios de apertura o comp\u00e1relos con el mejor entretenimiento dentro de su tienda. Elija Signagecontrol sabemos, mejor que nadie, c\u00f3mo sacar el m\u00e1ximo provecho de sus pantallas. Con Signagecontrol tiene todo lo que necesita para convertir a los espectadores en clientes. Nuestro contenido din\u00e1mico est\u00e1 hecho con amor para los ojos ansiosos de una audiencia minorista. Sorprende a tu audiencia con hermosas listas de reproducci\u00f3n que puedes crear f\u00e1cilmente. \u00bfBuscando atenci\u00f3n de mayor valor? \u00a1Enlace Social Media TV a su canal o elija una de las otras funciones!<\/p>\n\n\n\n<p>Comercializaci\u00f3n del comprador<\/p>\n\n\n\n<p><strong>POS TV<\/strong><\/p>\n\n\n\n<p>Cree la mejor experiencia del cliente en la tienda. Coloque sus pantallas en los estantes de productos y muestre su video de promoci\u00f3n o demostraci\u00f3n espec\u00edfico del producto. Con POS TV, se est\u00e1 involucrando con sus clientes exactamente donde se procesa la informaci\u00f3n, se analizan las opciones y se toman decisiones: junto a sus productos, en los estantes.<\/p>\n\n\n\n<figure class=\"wp-block-image size-large\"><img loading=\"lazy\" decoding=\"async\" width=\"638\" height=\"372\" src=\"http:\/\/minicards.es\/wp-content\/uploads\/2020\/11\/pos_tv.png\" alt=\"\" class=\"wp-image-553\" srcset=\"https:\/\/minicards.es\/wp-content\/uploads\/2020\/11\/pos_tv.png 638w, https:\/\/minicards.es\/wp-content\/uploads\/2020\/11\/pos_tv-300x175.png 300w, https:\/\/minicards.es\/wp-content\/uploads\/2020\/11\/pos_tv-16x9.png 16w\" sizes=\"(max-width: 638px) 100vw, 638px\" \/><\/figure>\n\n\n\n<p><strong><a href=\"mailto:info@minicards.es?subject=Info\">M\u00c1S INFO SOBRE POS TV<\/a><\/strong><\/p>\n\n\n\n<p><strong>TV Infantil<\/strong><\/p>\n\n\n\n<p>Los ni\u00f1os son divertidos. Hasta que se aburren. No se pierda las ventas, d\u00e9 a los hijos de sus clientes algo que esperar. Mantenlos ocupados con Kids TV. Una vibrante combinaci\u00f3n de programas de televisi\u00f3n, repleta de juegos, dibujos animados y m\u00fasica. \u00a1Traigan a los ni\u00f1os!<\/p>\n\n\n\n<p><strong><a href=\"mailto:info@minicards.es?subject=Info\">CONTACTA PARA M\u00c1S INFORMACI\u00d3N<\/a><\/strong><\/p>\n\n\n\n<p>\u00bfRedes sociales en tus pantallas? \u00a1Pulgares arriba!<\/p>\n\n\n\n<p><strong>Pantalla de Redes Sociales<\/strong><\/p>\n\n\n\n<p>Muestra el contenido de tus canales de redes sociales e inspira a tus visitantes a seguirte, a gustarte, a compartir o a dar un gran pulgar hacia arriba. \u00a1Crea fans sinceros y dales una raz\u00f3n para volver!<\/p>\n\n\n\n<figure class=\"wp-block-image size-large\"><img loading=\"lazy\" decoding=\"async\" width=\"638\" height=\"372\" src=\"http:\/\/minicards.es\/wp-content\/uploads\/2020\/11\/socialmedia_tv_espanol.jpg\" alt=\"\" class=\"wp-image-554\" srcset=\"https:\/\/minicards.es\/wp-content\/uploads\/2020\/11\/socialmedia_tv_espanol.jpg 638w, https:\/\/minicards.es\/wp-content\/uploads\/2020\/11\/socialmedia_tv_espanol-300x175.jpg 300w, https:\/\/minicards.es\/wp-content\/uploads\/2020\/11\/socialmedia_tv_espanol-16x9.jpg 16w\" sizes=\"(max-width: 638px) 100vw, 638px\" \/><\/figure>\n\n\n\n<p><strong>Leer es divertido, pero tambi\u00e9n necesitas contenido visualmente atractivo.<\/strong><\/p>\n\n\n\n<figure class=\"wp-block-embed-youtube wp-block-embed is-type-video is-provider-youtube wp-embed-aspect-16-9 wp-has-aspect-ratio\"><div class=\"wp-block-embed__wrapper\">\n<iframe loading=\"lazy\" title=\"Ejemplo venta de maquillaje para tiendas con carteler\u00eda digital y pantallas | Digital Signage |\" width=\"900\" height=\"506\" src=\"https:\/\/www.youtube.com\/embed\/6qyiiyibTdI?feature=oembed\" frameborder=\"0\" allow=\"accelerometer; autoplay; clipboard-write; encrypted-media; gyroscope; picture-in-picture\" allowfullscreen><\/iframe>\n<\/div><\/figure>\n","protected":false},"excerpt":{"rendered":"<p>Se\u00f1alizaci\u00f3n digital para minoristas y marcas. La se\u00f1alizaci\u00f3n digital es una excelente manera de inspirar a los compradores. Demuestra por qu\u00e9 deber\u00edan comprarte. Cu\u00e9ntales una historia sobre tus productos. Proporcione informaci\u00f3n sobre los horarios de apertura o comp\u00e1relos con el mejor entretenimiento dentro de su tienda. Elija Signagecontrol sabemos, mejor que nadie, c\u00f3mo sacar el [&hellip;]<\/p>\n","protected":false},"author":1,"featured_media":0,"parent":0,"menu_order":0,"comment_status":"closed","ping_status":"closed","template":"","meta":{"footnotes":""},"_links":{"self":[{"href":"https:\/\/minicards.es\/index.php\/wp-json\/wp\/v2\/pages\/552"}],"collection":[{"href":"https:\/\/minicards.es\/index.php\/wp-json\/wp\/v2\/pages"}],"about":[{"href":"https:\/\/minicards.es\/index.php\/wp-json\/wp\/v2\/types\/page"}],"author":[{"embeddable":true,"href":"https:\/\/minicards.es\/index.php\/wp-json\/wp\/v2\/users\/1"}],"replies":[{"embeddable":true,"href":"https:\/\/minicards.es\/index.php\/wp-json\/wp\/v2\/comments?post=552"}],"version-history":[{"count":4,"href":"https:\/\/minicards.es\/index.php\/wp-json\/wp\/v2\/pages\/552\/revisions"}],"predecessor-version":[{"id":601,"href":"https:\/\/minicards.es\/index.php\/wp-json\/wp\/v2\/pages\/552\/revisions\/601"}],"wp:attachment":[{"href":"https:\/\/minicards.es\/index.php\/wp-json\/wp\/v2\/media?parent=552"}],"curies":[{"name":"wp","href":"https:\/\/api.w.org\/{rel}","templated":true}]}}