{"id":548,"date":"2020-11-15T16:18:42","date_gmt":"2020-11-15T16:18:42","guid":{"rendered":"http:\/\/minicards.es\/?page_id=548"},"modified":"2020-11-29T16:36:41","modified_gmt":"2020-11-29T16:36:41","slug":"inmobiliarios","status":"publish","type":"page","link":"https:\/\/minicards.es\/index.php\/inmobiliarios\/","title":{"rendered":"Inmobiliarios"},"content":{"rendered":"\n<p><strong>Carteler\u00eda digital para Inmobiliarias<\/strong><\/p>\n\n\n\n<p>\u00bfSigues usando carteles impresos para publicitar las casas y pisos que vendes?&nbsp;\u00a1Eso est\u00e1 pasado de moda!&nbsp;Y tambi\u00e9n lleva mucho tiempo y dinero y en impresiones.<\/p>\n\n\n\n<figure class=\"wp-block-image size-large\"><img loading=\"lazy\" decoding=\"async\" width=\"1024\" height=\"504\" src=\"http:\/\/minicards.es\/wp-content\/uploads\/2020\/11\/real-state-screens.jpg\" alt=\"\" class=\"wp-image-549\" srcset=\"https:\/\/minicards.es\/wp-content\/uploads\/2020\/11\/real-state-screens.jpg 1024w, https:\/\/minicards.es\/wp-content\/uploads\/2020\/11\/real-state-screens-300x148.jpg 300w, https:\/\/minicards.es\/wp-content\/uploads\/2020\/11\/real-state-screens-768x378.jpg 768w, https:\/\/minicards.es\/wp-content\/uploads\/2020\/11\/real-state-screens-16x8.jpg 16w\" sizes=\"(max-width: 1024px) 100vw, 1024px\" \/><\/figure>\n\n\n\n<p><strong>\u00a1<\/strong><strong>Con Inmobiliaria TV asegurar\u00e1s m\u00e1s ventas y podr\u00e1s poner tu marca en tu escaparate!&nbsp;<\/strong>Te lo ponemos f\u00e1cil<strong><\/strong><\/p>\n\n\n\n<p><strong>Ahorra tiempo ense\u00f1ando tus propiedades de Inmovilla en tu escaparate autom\u00e1ticamente con Signagecontrol<\/strong><\/p>\n\n\n\n<p>Te ense\u00f1aremos c\u00f3mo de f\u00e1cil es conectar tus propiedades de Inmovilla directamente en tus pantallas de escaparates o dentro de tu negocio. Disfruta de conexi\u00f3n autom\u00e1tica sin complicaciones con carteler\u00eda digital.<\/p>\n\n\n\n<p>Beneficios:<\/p>\n\n\n\n<ul><li><strong>Aumenta tu facturaci\u00f3n<\/strong><\/li><\/ul>\n\n\n\n<p>Con un aspecto moderno, presentaci\u00f3n fant\u00e1stica de la ofertas de las viviendas y la posibilidad de vender anuncios.<\/p>\n\n\n\n<h5 class=\"wp-block-heading\">\u00b7&nbsp;&nbsp;&nbsp;&nbsp;&nbsp;&nbsp;&nbsp;Con\u00e9cta con tus clientes<\/h5>\n\n\n\n<p>Comparte informaci\u00f3n de la compa\u00f1\u00eda y garantiza la conexi\u00f3n con tus clientes. Puedes mostrar mucho m\u00e1s que solo las ofertas de viviendas como tus redes sociales, not\u00edcias o informaci\u00f3n de las localidades<\/p>\n\n\n\n<p><strong>Ahorra tiempo y dinero<\/strong><\/p>\n\n\n\n<p>Te ayudamos mostrando f\u00e1cilmente tu oferta de vivienda en una pantalla al vincularla a tu oferta de vivienda en l\u00ednea.<\/p>\n\n\n\n<p><strong>F\u00e1cil de usar<\/strong><\/p>\n\n\n\n<p>Nuestra plataforma 3.0 es super f\u00e1cil de utilizar e intuitiva. Adem\u00e1s no te costar\u00e1 nada conectar nuestro CMS con tus pantallas en tu tienda o escaparate.<\/p>\n\n\n\n<p><strong>Equipo de dise\u00f1o<\/strong><\/p>\n\n\n\n<p>Puedes adem\u00e1s presentar en tu pantalla anuncios y promociones interactivas espec\u00edficas que podemos dise\u00f1ar para t\u00ed en nuestro departamento creativo.<\/p>\n\n\n\n<p><strong>Orientaci\u00f3n y soporte completos<\/strong><\/p>\n\n\n\n<p>Te ayudamos a mostrar f\u00e1cilmente tu informaci\u00f3n de las viviendas con nuestro soporte telef\u00f3nico y por email inmediato. Adem\u00e1s tenemos varios v\u00eddeos sobre como usar nuestra plataforma y una gu\u00eda de introducci\u00f3n.<\/p>\n\n\n\n<figure class=\"wp-block-embed-youtube wp-block-embed is-type-video is-provider-youtube wp-embed-aspect-16-9 wp-has-aspect-ratio\"><div class=\"wp-block-embed__wrapper\">\n<iframe loading=\"lazy\" title=\"Presenta tus propiedades de Inmovilla en tus pantallas de escaparates con carteler\u00eda digital |\" width=\"900\" height=\"506\" src=\"https:\/\/www.youtube.com\/embed\/oggDU_Qzcvw?feature=oembed\" frameborder=\"0\" allow=\"accelerometer; autoplay; clipboard-write; encrypted-media; gyroscope; picture-in-picture\" allowfullscreen><\/iframe>\n<\/div><\/figure>\n","protected":false},"excerpt":{"rendered":"<p>Carteler\u00eda digital para Inmobiliarias \u00bfSigues usando carteles impresos para publicitar las casas y pisos que vendes?&nbsp;\u00a1Eso est\u00e1 pasado de moda!&nbsp;Y tambi\u00e9n lleva mucho tiempo y dinero y en impresiones. \u00a1Con Inmobiliaria TV asegurar\u00e1s m\u00e1s ventas y podr\u00e1s poner tu marca en tu escaparate!&nbsp;Te lo ponemos f\u00e1cil Ahorra tiempo ense\u00f1ando tus propiedades de Inmovilla en tu [&hellip;]<\/p>\n","protected":false},"author":1,"featured_media":0,"parent":0,"menu_order":0,"comment_status":"closed","ping_status":"closed","template":"","meta":{"footnotes":""},"_links":{"self":[{"href":"https:\/\/minicards.es\/index.php\/wp-json\/wp\/v2\/pages\/548"}],"collection":[{"href":"https:\/\/minicards.es\/index.php\/wp-json\/wp\/v2\/pages"}],"about":[{"href":"https:\/\/minicards.es\/index.php\/wp-json\/wp\/v2\/types\/page"}],"author":[{"embeddable":true,"href":"https:\/\/minicards.es\/index.php\/wp-json\/wp\/v2\/users\/1"}],"replies":[{"embeddable":true,"href":"https:\/\/minicards.es\/index.php\/wp-json\/wp\/v2\/comments?post=548"}],"version-history":[{"count":3,"href":"https:\/\/minicards.es\/index.php\/wp-json\/wp\/v2\/pages\/548\/revisions"}],"predecessor-version":[{"id":604,"href":"https:\/\/minicards.es\/index.php\/wp-json\/wp\/v2\/pages\/548\/revisions\/604"}],"wp:attachment":[{"href":"https:\/\/minicards.es\/index.php\/wp-json\/wp\/v2\/media?parent=548"}],"curies":[{"name":"wp","href":"https:\/\/api.w.org\/{rel}","templated":true}]}}