{"id":542,"date":"2020-11-15T16:12:55","date_gmt":"2020-11-15T16:12:55","guid":{"rendered":"http:\/\/minicards.es\/?page_id=542"},"modified":"2020-12-03T09:50:09","modified_gmt":"2020-12-03T09:50:09","slug":"ocio-y-la-hosteleria","status":"publish","type":"page","link":"https:\/\/minicards.es\/index.php\/ocio-y-la-hosteleria\/","title":{"rendered":"Ocio y la hosteler\u00eda"},"content":{"rendered":"\n<p><strong>Se\u00f1alizaci\u00f3n digital en el sector del ocio y la hosteler\u00eda<\/strong><\/p>\n\n\n\n<p>Mant\u00e9n la puerta abierta. En la industria del ocio y la hosteler\u00eda, las peque\u00f1as cosas marcan la diferencia. A menudo son la raz\u00f3n por la que los clientes desean volver. \u00bfQuieres clientes m\u00e1s satisfechos? Invierte en se\u00f1alizaci\u00f3n digital, porque esta se involucra con la audiencia y brinda a tus clientes informaci\u00f3n importante. La pantalla de inicio ofrece todas las herramientas para hacer que la se\u00f1alizaci\u00f3n digital sea un \u00e9xito en la industria del ocio y la restauraci\u00f3n. Desde la se\u00f1alizaci\u00f3n al panel de men\u00fas y desde el planificador de reuniones a la pantalla de informaci\u00f3n din\u00e1mica.&nbsp;<\/p>\n\n\n\n<p><strong>Se\u00f1alizaci\u00f3n digital que te hace la boca agua.<\/strong><\/p>\n\n\n\n<p><strong>Pantalla de Menu<\/strong><\/p>\n\n\n\n<p>Muestra de un vistazo que su cocinero realmente puede cocinar. Con una visi\u00f3n general din\u00e1mica del men\u00fa, incluidos los precios actuales, las cantidades y los tiempos en que se puede pedir.<\/p>\n\n\n\n<figure class=\"wp-block-image size-large\"><img loading=\"lazy\" decoding=\"async\" width=\"638\" height=\"372\" src=\"http:\/\/minicards.es\/wp-content\/uploads\/2020\/11\/pantalla-de-menu.jpg\" alt=\"\" class=\"wp-image-543\" srcset=\"https:\/\/minicards.es\/wp-content\/uploads\/2020\/11\/pantalla-de-menu.jpg 638w, https:\/\/minicards.es\/wp-content\/uploads\/2020\/11\/pantalla-de-menu-300x175.jpg 300w, https:\/\/minicards.es\/wp-content\/uploads\/2020\/11\/pantalla-de-menu-16x9.jpg 16w\" sizes=\"(max-width: 638px) 100vw, 638px\" \/><\/figure>\n\n\n\n<h2 class=\"wp-block-heading\"><strong>QR Menu TV<\/strong><\/h2>\n\n\n\n<p>Olvida los men\u00fas de papel. Te ayudamos a cumplir las normas de seguridad, con nuestra soluci\u00f3n contactless para restaurantes.<\/p>\n\n\n\n<p>Muestra tu men\u00fa de forma din\u00e1mica, totalmente digital y sin contacto. \u00a1No hace falta descargar ninguna App!&nbsp;<strong>Tu Pantalla de Menu TV mostrar\u00e1 autom\u00e1ticamente tus productos.<\/strong><strong><\/strong><\/p>\n\n\n\n<figure class=\"wp-block-image size-large is-resized\"><img loading=\"lazy\" decoding=\"async\" src=\"http:\/\/minicards.es\/wp-content\/uploads\/2020\/11\/qr-menu-tv-1024x684.jpg\" alt=\"\" class=\"wp-image-544\" width=\"418\" height=\"279\" srcset=\"https:\/\/minicards.es\/wp-content\/uploads\/2020\/11\/qr-menu-tv-1024x684.jpg 1024w, https:\/\/minicards.es\/wp-content\/uploads\/2020\/11\/qr-menu-tv-300x200.jpg 300w, https:\/\/minicards.es\/wp-content\/uploads\/2020\/11\/qr-menu-tv-768x513.jpg 768w, https:\/\/minicards.es\/wp-content\/uploads\/2020\/11\/qr-menu-tv-1536x1025.jpg 1536w, https:\/\/minicards.es\/wp-content\/uploads\/2020\/11\/qr-menu-tv-2048x1367.jpg 2048w, https:\/\/minicards.es\/wp-content\/uploads\/2020\/11\/qr-menu-tv-16x12.jpg 16w\" sizes=\"(max-width: 418px) 100vw, 418px\" \/><\/figure>\n\n\n\n<h2 class=\"wp-block-heading\"><strong>Noticias y entretenimiento<\/strong><\/h2>\n\n\n\n<h4 class=\"wp-block-heading\">No m\u00e1s aburridos tiempos de espera.<\/h4>\n\n\n\n<p>Los minutos pasan volando gracias a nuestros ablandadores que esperan. Una mezcla equilibrada de elementos que puedes poner f\u00e1cilmente en tu lista de reproducci\u00f3n. Elija entre los canales actuales, noticias locales y temas de tendencias.<\/p>\n\n\n\n<h2 class=\"wp-block-heading\"><strong>Comienza tu demo de se\u00f1alizaci\u00f3n digital. \u00a1Es gratis!<\/strong><\/h2>\n\n\n\n<p>Pruebe nuestro software de se\u00f1alizaci\u00f3n digital de forma totalmente gratuita. Con una cuenta demo de Signagecontrol puede ver inmediatamente qu\u00e9 tan r\u00e1pido y sencillo es crear su propio programa de se\u00f1alizaci\u00f3n digital. Solicite una cuenta demo a trav\u00e9s del formulario.&nbsp;<\/p>\n\n\n\n<p>Recibir\u00e1s un nombre de usuario y contrase\u00f1a. Simplemente \u00abInicie sesi\u00f3n\u00bb y descubra las posibilidades sin precedentes de&nbsp;<\/p>\n\n\n\n<ul><li>Usa widgets en vivo<\/li><li>Sube tus propios archivos<\/li><li>Crea tu propia playlist<\/li><li>Elije entre cientos de plantillas<\/li><li>Integra Redes Sociales como Facebook o Instagram<\/li><li>Elige entre innumerables fotos y videos gratis<\/li><li>Descubre la comodidad de nuestro software de se\u00f1alizaci\u00f3n digital.<\/li><\/ul>\n\n\n\n<p><strong><a href=\"mailto:info@minicards.es?subject=Prueba gratis\">Prueba Gratis<\/a><\/strong><\/p>\n\n\n\n<figure class=\"wp-block-embed-youtube wp-block-embed is-type-video is-provider-youtube wp-embed-aspect-16-9 wp-has-aspect-ratio\"><div class=\"wp-block-embed__wrapper\">\n<iframe loading=\"lazy\" title=\"Digital Signage para restaurantes, bares, y cafeter\u00edas | Sushi | Carteler\u00eda Digital Restauraci\u00f3n\" width=\"900\" height=\"506\" src=\"https:\/\/www.youtube.com\/embed\/_EKMkr2SIQk?feature=oembed\" frameborder=\"0\" allow=\"accelerometer; autoplay; clipboard-write; encrypted-media; gyroscope; picture-in-picture\" allowfullscreen><\/iframe>\n<\/div><\/figure>\n","protected":false},"excerpt":{"rendered":"<p>Se\u00f1alizaci\u00f3n digital en el sector del ocio y la hosteler\u00eda Mant\u00e9n la puerta abierta. En la industria del ocio y la hosteler\u00eda, las peque\u00f1as cosas marcan la diferencia. A menudo son la raz\u00f3n por la que los clientes desean volver. \u00bfQuieres clientes m\u00e1s satisfechos? Invierte en se\u00f1alizaci\u00f3n digital, porque esta se involucra con la audiencia [&hellip;]<\/p>\n","protected":false},"author":1,"featured_media":0,"parent":0,"menu_order":0,"comment_status":"closed","ping_status":"closed","template":"","meta":{"footnotes":""},"_links":{"self":[{"href":"https:\/\/minicards.es\/index.php\/wp-json\/wp\/v2\/pages\/542"}],"collection":[{"href":"https:\/\/minicards.es\/index.php\/wp-json\/wp\/v2\/pages"}],"about":[{"href":"https:\/\/minicards.es\/index.php\/wp-json\/wp\/v2\/types\/page"}],"author":[{"embeddable":true,"href":"https:\/\/minicards.es\/index.php\/wp-json\/wp\/v2\/users\/1"}],"replies":[{"embeddable":true,"href":"https:\/\/minicards.es\/index.php\/wp-json\/wp\/v2\/comments?post=542"}],"version-history":[{"count":5,"href":"https:\/\/minicards.es\/index.php\/wp-json\/wp\/v2\/pages\/542\/revisions"}],"predecessor-version":[{"id":645,"href":"https:\/\/minicards.es\/index.php\/wp-json\/wp\/v2\/pages\/542\/revisions\/645"}],"wp:attachment":[{"href":"https:\/\/minicards.es\/index.php\/wp-json\/wp\/v2\/media?parent=542"}],"curies":[{"name":"wp","href":"https:\/\/api.w.org\/{rel}","templated":true}]}}