{"id":494,"date":"2020-11-04T20:10:32","date_gmt":"2020-11-04T20:10:32","guid":{"rendered":"http:\/\/minicards.es\/?page_id=494"},"modified":"2020-11-29T16:58:02","modified_gmt":"2020-11-29T16:58:02","slug":"que-es","status":"publish","type":"page","link":"https:\/\/minicards.es\/index.php\/que-es\/","title":{"rendered":"\u00bfQu\u00e9 es?"},"content":{"rendered":"\n<p><strong>\u00bfBuscas una mejor comunicaci\u00f3n con tus clientes, atraer m\u00e1s p\u00fablico,&nbsp;aumentar los ingresos, reforzar el atractivo de tu cartera de productos?<\/strong><\/p>\n\n\n\n<h2 class=\"has-text-align-center wp-block-heading\">La carteler\u00eda digital&nbsp;ser\u00e1 tu soluci\u00f3n<\/h2>\n\n\n\n<div class=\"wp-block-image\"><figure class=\"aligncenter size-large is-resized\"><img loading=\"lazy\" decoding=\"async\" src=\"http:\/\/minicards.es\/wp-content\/uploads\/2020\/11\/multiple-screens-image-on-front-page3.jpg\" alt=\"\" class=\"wp-image-515\" width=\"550\" height=\"420\" srcset=\"https:\/\/minicards.es\/wp-content\/uploads\/2020\/11\/multiple-screens-image-on-front-page3-16x12.jpg 16w, https:\/\/minicards.es\/wp-content\/uploads\/2020\/11\/multiple-screens-image-on-front-page3-700x535.jpg 700w\" sizes=\"(max-width: 550px) 100vw, 550px\" \/><\/figure><\/div>\n\n\n\n<p>\u00bfQu\u00e9 es carteler\u00eda digital (digital signage)?<\/p>\n\n\n\n<p>La se\u00f1alizaci\u00f3n&nbsp;digital o carteler\u00eda digital (digital signage) es un medio de&nbsp;comunicaci\u00f3n visual en crecimiento que se utiliza para transferir informaci\u00f3n a&nbsp;trav\u00e9s de pantallas led digitales controladas y conectadas a un canal de&nbsp;televisi\u00f3n privado.En contraste con la transmisi\u00f3n abierta, la se\u00f1alizaci\u00f3n digital se utiliza para&nbsp;dirigirse de manera efectiva a grupos espec\u00edficos de personas en ciertos&nbsp;lugares y horarios, con informaci\u00f3n y entretenimiento personalizados. Puedes usar la carteler\u00eda digital en tu negocio para tumarketing de&nbsp;contenidos, es decir, para atraer y entretener a tus clientes, comunicarles&nbsp;noticias u ofertas, hacer que su espera sea m\u00e1s agradable \u00a1y mucho m\u00e1s!<\/p>\n\n\n\n<p>Descubre c\u00f3mo la carteler\u00eda digital puede hacer crecer tu negocio con&nbsp;una&nbsp;prueba gratis de&nbsp;nuestro software cms:<\/p>\n\n\n\n<p><strong><a href=\"mailto:info@minicards.es?subject=Prueba gratis\">Prueba gratis<\/a><\/strong><\/p>\n\n\n\n<figure class=\"wp-block-video\"><video controls src=\"http:\/\/minicards.es\/wp-content\/uploads\/2020\/11\/video-presentacion-Minicards-2-1.mp4\"><\/video><\/figure>\n","protected":false},"excerpt":{"rendered":"<p>\u00bfBuscas una mejor comunicaci\u00f3n con tus clientes, atraer m\u00e1s p\u00fablico,&nbsp;aumentar los ingresos, reforzar el atractivo de tu cartera de productos? La carteler\u00eda digital&nbsp;ser\u00e1 tu soluci\u00f3n \u00bfQu\u00e9 es carteler\u00eda digital (digital signage)? La se\u00f1alizaci\u00f3n&nbsp;digital o carteler\u00eda digital (digital signage) es un medio de&nbsp;comunicaci\u00f3n visual en crecimiento que se utiliza para transferir informaci\u00f3n a&nbsp;trav\u00e9s de pantallas led [&hellip;]<\/p>\n","protected":false},"author":1,"featured_media":0,"parent":0,"menu_order":0,"comment_status":"closed","ping_status":"closed","template":"","meta":{"footnotes":""},"_links":{"self":[{"href":"https:\/\/minicards.es\/index.php\/wp-json\/wp\/v2\/pages\/494"}],"collection":[{"href":"https:\/\/minicards.es\/index.php\/wp-json\/wp\/v2\/pages"}],"about":[{"href":"https:\/\/minicards.es\/index.php\/wp-json\/wp\/v2\/types\/page"}],"author":[{"embeddable":true,"href":"https:\/\/minicards.es\/index.php\/wp-json\/wp\/v2\/users\/1"}],"replies":[{"embeddable":true,"href":"https:\/\/minicards.es\/index.php\/wp-json\/wp\/v2\/comments?post=494"}],"version-history":[{"count":19,"href":"https:\/\/minicards.es\/index.php\/wp-json\/wp\/v2\/pages\/494\/revisions"}],"predecessor-version":[{"id":607,"href":"https:\/\/minicards.es\/index.php\/wp-json\/wp\/v2\/pages\/494\/revisions\/607"}],"wp:attachment":[{"href":"https:\/\/minicards.es\/index.php\/wp-json\/wp\/v2\/media?parent=494"}],"curies":[{"name":"wp","href":"https:\/\/api.w.org\/{rel}","templated":true}]}}