{"id":487,"date":"2020-11-04T20:08:29","date_gmt":"2020-11-04T20:08:29","guid":{"rendered":"http:\/\/minicards.es\/?page_id=487"},"modified":"2020-11-15T16:06:20","modified_gmt":"2020-11-15T16:06:20","slug":"prueba-gratis","status":"publish","type":"page","link":"https:\/\/minicards.es\/index.php\/prueba-gratis\/","title":{"rendered":"Hoteles y agencias de viajes"},"content":{"rendered":"\n<figure class=\"wp-block-image size-large is-resized\"><img loading=\"lazy\" decoding=\"async\" src=\"http:\/\/minicards.es\/wp-content\/uploads\/2020\/11\/receptie.jpg\" alt=\"\" class=\"wp-image-524\" width=\"512\" height=\"512\" srcset=\"https:\/\/minicards.es\/wp-content\/uploads\/2020\/11\/receptie.jpg 1024w, https:\/\/minicards.es\/wp-content\/uploads\/2020\/11\/receptie-300x300.jpg 300w, https:\/\/minicards.es\/wp-content\/uploads\/2020\/11\/receptie-150x150.jpg 150w, https:\/\/minicards.es\/wp-content\/uploads\/2020\/11\/receptie-768x768.jpg 768w, https:\/\/minicards.es\/wp-content\/uploads\/2020\/11\/receptie-12x12.jpg 12w\" sizes=\"(max-width: 512px) 100vw, 512px\" \/><\/figure>\n\n\n\n<p><strong>Carteler\u00eda digital para Hoteles y Agencias de Viajes<\/strong><\/p>\n\n\n\n<p>Controlsignage es una plataforma de software cms de&nbsp;carteler\u00eda digital para hoteles&nbsp;y agencias de viajes con tecnolog\u00eda&nbsp;<em>plug-and-play<\/em>&nbsp;que permite mostrar su marketing de&nbsp;<a href=\"http:\/\/\">contenidos digitales.<\/a> Es un sistema de gesti\u00f3n de contenidos \u00fatil que da resultado a un marketing visual atractivo e inspirador.<\/p>\n\n\n\n<p>La&nbsp;ventajas de la Carteler\u00eda Digital para hoteles&nbsp;y agencias de viajes son muchas,&nbsp;mostrar un men\u00fa en pantalla&nbsp;o las \u00faltimas promociones o el contenido de la marca en cualquier pantalla LED \/ LCD en cualquier lugar y momento. Tenemos todo lo que har\u00e1 que las experiencias de tus clientes sean las mejores.<\/p>\n\n\n\n<p>Las mejores cadenas ya conf\u00edan en nuestra se\u00f1alizaci\u00f3n digital para hoteles:<\/p>\n\n\n\n<ul><li>&nbsp;<strong>Fidel\u00edza a tus clientes con se\u00f1alizaci\u00f3n digital para hoteles<\/strong><\/li><\/ul>\n\n\n\n<p>Eleva las experiencias de los hu\u00e9spedes en el hotel y las habitaciones.&nbsp;Destaca los servicios del hotel&nbsp;y las atracciones locales tur\u00edsticas para informar y deleitar a tus clientes.&nbsp;Aumenta las ventas cruzadas y tu imagen de marca.<\/p>\n\n\n\n<ul><li>&nbsp;<strong>Aumenta tu audiencia con la se\u00f1alizaci\u00f3n digital din\u00e1mica<\/strong><\/li><\/ul>\n\n\n\n<p>Ofrecemos un&nbsp;software de se\u00f1alizaci\u00f3n para hoteles&nbsp;sin precedentes que permite crear tu propio programa de se\u00f1alizaci\u00f3n digital, utilizando solo un par de pantallas y unos pocos clics r\u00e1pidos. Las cosas peque\u00f1as marcan la diferencia y a menudo son la raz\u00f3n por la que los clientes regresan. \u00bfQuieres m\u00e1s clientes satisfechos? Invierte en&nbsp;Digital Signage para tu hotel&nbsp;o agenda de viajes.<\/p>\n\n\n\n<ul><li>&nbsp;<strong>El software de carteler\u00eda digital para hoteles f\u00e1cil de usar<\/strong><\/li><\/ul>\n\n\n\n<p>Si dispones de espacios diferenciados en tu hotel o incluso de una&nbsp;cadena de hoteles&nbsp;puedes administrar&nbsp;m\u00faltiples ubicaciones, muestra a tus hu\u00e9spedes la historia sobre tu empresa o&nbsp;proporciona informaci\u00f3n digitalmente&nbsp;sobre los horarios de apertura. A\u00f1ade f\u00e1cilmente noticias, crea contenido \u00fanico con plantillas dise\u00f1adas espec\u00edficamente para tu sector empresarial. Elige entre una variedad de plantillas como eventos, ofertas, men\u00fas, noticias, calendario, monitoriza tu propio Twitter o nuestra plantilla de RSS. Un&nbsp;software f\u00e1cil de usar&nbsp;pero con controles avanzados<\/p>\n\n\n\n<ul><li><strong>Servicio completo con hardware y pantallas digitales para hoteles<\/strong><\/li><\/ul>\n\n\n\n<p>Te proporcionaremos&nbsp;pantallas digitales para hoteles, creaci\u00f3n de&nbsp;contenidos digitales y un&nbsp;software de se\u00f1alizaci\u00f3n digital para hoteles&nbsp;de f\u00e1cil&nbsp;instalaci\u00f3n y mantenimiento. Utilizamos una gama de pantallas profesionales y asequibles y de reproductores que tienen un procedimiento de f\u00e1cil configuraci\u00f3n. Probamos las opciones y elegimos el mejor hardware para ti.<\/p>\n\n\n\n<p><strong>Descubre un nuevo mundo de oportunidades con nuestra carteler\u00eda digital<\/strong><\/p>\n\n\n\n<p><strong>Configuraci\u00f3n r\u00e1pida y f\u00e1cil en 3 pasos<\/strong><\/p>\n\n\n\n<p>Todo lo que necesita es una conexi\u00f3n a Internet. Te proporcionaremos nuestro reproductor multimedia y el software de se\u00f1alizaci\u00f3n digital.<\/p>\n\n\n\n<figure class=\"wp-block-image\"><img decoding=\"async\" src=\"blob:http:\/\/minicards.es\/a84d2e11-0afb-44a3-9f6c-5a2e91c135ab\" alt=\"\"\/><\/figure>\n\n\n\n<p><strong>1. Creaciones din\u00e1micas<\/strong><\/p>\n\n\n\n<p>Inicia sesi\u00f3n en la plataforma de&nbsp;software de se\u00f1alizaci\u00f3n digital para hoteles&nbsp;de Controlsignage y crea tu contenido eligiendo entre nuestra variedad de plantillas, aplicaciones y widgets. Personal\u00edzalo con tu logotipo de tu hotel o agencia, colores, informaci\u00f3n y medios, o empieza desde cero y sube tu propio contenido.<\/p>\n\n\n\n<figure class=\"wp-block-image\"><img decoding=\"async\" src=\"blob:http:\/\/minicards.es\/5f7652b8-01b9-48d6-af50-392749fb8d2b\" alt=\"\"\/><\/figure>\n\n\n\n<p><strong>2. Compatibilidad de dispositivos<\/strong><\/p>\n\n\n\n<p>Conecta tu reproductor multimedia a tu pantalla. Todos nuestros dispositivos se conectan f\u00e1cilmente a cualquier pantalla HD, televisores y proyectores.<\/p>\n\n\n\n<figure class=\"wp-block-image\"><img decoding=\"async\" src=\"blob:http:\/\/minicards.es\/34398629-1e8b-45cc-8523-dfa87c5eceba\" alt=\"\"\/><\/figure>\n\n\n\n<p><strong>3. M\u00faltiples ubicaciones<\/strong><\/p>\n\n\n\n<p>Programa contenido a una o m\u00e1s pantallas en m\u00faltiples ubicaciones, recepci\u00f3n, restaurante, habitaciones o pasillos, gracias a nuestras listas de reproducci\u00f3n din\u00e1micas. Tienes el control sobre tus pantallas e incluso puedes hacerlo remotamente.<\/p>\n\n\n\n<p><strong>Estamos comprometidos con el \u00e9xito de tu hotel<\/strong><\/p>\n\n\n\n<p>Nuestro equipo empresarial cuenta con m\u00e1s de una d\u00e9cada de experiencia ayudando a Hoteles y Agencias de Viajes a realizar sus soluciones de se\u00f1alizaci\u00f3n digital.&nbsp;&nbsp;<\/p>\n\n\n\n<p><strong>Caracter\u00edsticas la de carteler\u00eda digital para hoteles<\/strong><\/p>\n\n\n\n<p><strong>TV de Se\u00f1alizaci\u00f3n<\/strong><\/p>\n\n\n\n<p>Dirige a tus clientes en la direcci\u00f3n correcta y&nbsp;mejora su experiencia durante su alojamiento<\/p>\n\n\n\n<p>\u00a1Con la funci\u00f3n de dise\u00f1o de la pantalla podr\u00e1s proporcionar tu propio mensaje personal para tus hu\u00e9spedes!<\/p>\n\n\n\n<figure class=\"wp-block-image size-large\"><img loading=\"lazy\" decoding=\"async\" width=\"464\" height=\"271\" src=\"http:\/\/minicards.es\/wp-content\/uploads\/2020\/11\/tv-de-se\u00f1alizacion-foto.gif\" alt=\"\" class=\"wp-image-529\"\/><\/figure>\n\n\n\n<p><strong>Noticias y entretenimiento<\/strong><\/p>\n\n\n\n<p>No m\u00e1s tiempos de espera aburridos. Los minutos pasan gracias a nuestros suavizantes de espera. Una mezcla equilibrada de elementos que puedes poner f\u00e1cilmente en tu lista de reproducci\u00f3n. Elige entre canales actuales, noticias locales y temas de tendencias.<\/p>\n\n\n\n<figure class=\"wp-block-image size-large is-resized\"><img loading=\"lazy\" decoding=\"async\" src=\"http:\/\/minicards.es\/wp-content\/uploads\/2020\/11\/noticias-de-entrenimiento.jpg\" alt=\"\" class=\"wp-image-531\" width=\"425\" height=\"248\" srcset=\"https:\/\/minicards.es\/wp-content\/uploads\/2020\/11\/noticias-de-entrenimiento.jpg 567w, https:\/\/minicards.es\/wp-content\/uploads\/2020\/11\/noticias-de-entrenimiento-300x175.jpg 300w, https:\/\/minicards.es\/wp-content\/uploads\/2020\/11\/noticias-de-entrenimiento-16x9.jpg 16w\" sizes=\"(max-width: 425px) 100vw, 425px\" \/><\/figure>\n\n\n\n<p><strong>Pantalla de Redes Sociales<\/strong><\/p>\n\n\n\n<p>\u00bfQuieres tus mensajes, gustos y acciones en la&nbsp;se\u00f1alizaci\u00f3n digital? Con la Pantalla de Redes Sociales puedes integrar f\u00e1cilmente todos tus canales y perfiles como YouTube, Facebook, Pinterest e Instagram, en tu contenido programado. Puedes animar a tus clientes a compartir sus experiencias con im\u00e1genes y comentarios.<\/p>\n\n\n\n<figure class=\"wp-block-image size-large is-resized\"><img loading=\"lazy\" decoding=\"async\" src=\"http:\/\/minicards.es\/wp-content\/uploads\/2020\/11\/fotos-de-redes-sociales.jpg\" alt=\"\" class=\"wp-image-533\" width=\"425\" height=\"247\" srcset=\"https:\/\/minicards.es\/wp-content\/uploads\/2020\/11\/fotos-de-redes-sociales.jpg 567w, https:\/\/minicards.es\/wp-content\/uploads\/2020\/11\/fotos-de-redes-sociales-300x174.jpg 300w, https:\/\/minicards.es\/wp-content\/uploads\/2020\/11\/fotos-de-redes-sociales-16x9.jpg 16w\" sizes=\"(max-width: 425px) 100vw, 425px\" \/><\/figure>\n\n\n\n<p><strong>Temperatura de las piscinas<\/strong><\/p>\n\n\n\n<p>Con nuestro enlace de Celsius, puedes indicar con precisi\u00f3n la temperatura del agua de las piscinas.<\/p>\n\n\n\n<figure class=\"wp-block-image size-large is-resized\"><img loading=\"lazy\" decoding=\"async\" src=\"http:\/\/minicards.es\/wp-content\/uploads\/2020\/11\/fotos-temperatura-piscina.jpg\" alt=\"\" class=\"wp-image-535\" width=\"425\" height=\"248\" srcset=\"https:\/\/minicards.es\/wp-content\/uploads\/2020\/11\/fotos-temperatura-piscina.jpg 567w, https:\/\/minicards.es\/wp-content\/uploads\/2020\/11\/fotos-temperatura-piscina-300x175.jpg 300w, https:\/\/minicards.es\/wp-content\/uploads\/2020\/11\/fotos-temperatura-piscina-16x9.jpg 16w\" sizes=\"(max-width: 425px) 100vw, 425px\" \/><\/figure>\n\n\n\n<p><strong>Pantalla de Men\u00fa<\/strong><\/p>\n\n\n\n<p>La se\u00f1alizaci\u00f3n digital que hace que se te haga la boca agua. Muestra de un vistazo lo que tu cocinero puede preparar. Con una vista general din\u00e1mica del men\u00fa, incluyendo los precios actuales y las cantidades que se pueden pedir.<\/p>\n\n\n\n<figure class=\"wp-block-image size-large is-resized\"><img loading=\"lazy\" decoding=\"async\" src=\"http:\/\/minicards.es\/wp-content\/uploads\/2020\/11\/menu-tv.jpg\" alt=\"\" class=\"wp-image-537\" width=\"319\" height=\"186\" srcset=\"https:\/\/minicards.es\/wp-content\/uploads\/2020\/11\/menu-tv.jpg 425w, https:\/\/minicards.es\/wp-content\/uploads\/2020\/11\/menu-tv-300x175.jpg 300w, https:\/\/minicards.es\/wp-content\/uploads\/2020\/11\/menu-tv-16x9.jpg 16w\" sizes=\"(max-width: 319px) 100vw, 319px\" \/><\/figure>\n\n\n\n<p><strong>Pantalla en Salas de reuniones<\/strong><\/p>\n\n\n\n<p>Espacio, horario y la gente correcta. F\u00e1cil. Evita salas de reuniones con doble reserva, horarios de reuniones poco claros o visitantes perdidos.<\/p>\n\n\n\n<p>Integra los calendarios de las salas de reuniones y sorprende a tus invitados con un mensaje de bienvenida.<\/p>\n\n\n\n<figure class=\"wp-block-image size-large is-resized\"><img loading=\"lazy\" decoding=\"async\" src=\"http:\/\/minicards.es\/wp-content\/uploads\/2020\/11\/foto-sala-de-reuniones.jpg\" alt=\"\" class=\"wp-image-538\" width=\"425\" height=\"209\" srcset=\"https:\/\/minicards.es\/wp-content\/uploads\/2020\/11\/foto-sala-de-reuniones.jpg 567w, https:\/\/minicards.es\/wp-content\/uploads\/2020\/11\/foto-sala-de-reuniones-300x148.jpg 300w, https:\/\/minicards.es\/wp-content\/uploads\/2020\/11\/foto-sala-de-reuniones-16x8.jpg 16w\" sizes=\"(max-width: 425px) 100vw, 425px\" \/><\/figure>\n\n\n\n<p><strong>\u00abLa mayor ventaja de signage control es que puedes informar a los clientes de manera corta, directa y atractiva sobre cosas importantes como los horarios de clase.\u00bb<\/strong><\/p>\n\n\n\n<p><strong>Empieza con tu demostraci\u00f3n de carteler\u00eda digital. \u00a1Es gratis!<\/strong><\/p>\n\n\n\n<p>Te encantar\u00e1 nuestra interfaz de usuario f\u00e1cil y elegante para todos los sectores. Nuestra soluci\u00f3n de un solo clic viene con sencillas herramientas de creaci\u00f3n de contenido, gesti\u00f3n completa de listas de reproducci\u00f3n y una amplia biblioteca de im\u00e1genes de alta calidad y plantillas.<\/p>\n\n\n\n<p>Prueba nuestro software cms de se\u00f1alizaci\u00f3n digital completamente gratis durante 31 d\u00edas. Te enviaremos un correo electr\u00f3nico con tu nombre de usuario y contrase\u00f1a, a continuaci\u00f3n, s\u00f3lo tendr\u00e1s que iniciar sesi\u00f3n y empezar a navegar.<\/p>\n\n\n\n<p><strong><a href=\"mailto:info@minicards.es?subject=Prueba gratis\">Prueba gratis<\/a><\/strong><\/p>\n","protected":false},"excerpt":{"rendered":"<p>Carteler\u00eda digital para Hoteles y Agencias de Viajes Controlsignage es una plataforma de software cms de&nbsp;carteler\u00eda digital para hoteles&nbsp;y agencias de viajes con tecnolog\u00eda&nbsp;plug-and-play&nbsp;que permite mostrar su marketing de&nbsp;contenidos digitales. Es un sistema de gesti\u00f3n de contenidos \u00fatil que da resultado a un marketing visual atractivo e inspirador. La&nbsp;ventajas de la Carteler\u00eda Digital para hoteles&nbsp;y [&hellip;]<\/p>\n","protected":false},"author":1,"featured_media":0,"parent":0,"menu_order":0,"comment_status":"closed","ping_status":"closed","template":"","meta":{"footnotes":""},"_links":{"self":[{"href":"https:\/\/minicards.es\/index.php\/wp-json\/wp\/v2\/pages\/487"}],"collection":[{"href":"https:\/\/minicards.es\/index.php\/wp-json\/wp\/v2\/pages"}],"about":[{"href":"https:\/\/minicards.es\/index.php\/wp-json\/wp\/v2\/types\/page"}],"author":[{"embeddable":true,"href":"https:\/\/minicards.es\/index.php\/wp-json\/wp\/v2\/users\/1"}],"replies":[{"embeddable":true,"href":"https:\/\/minicards.es\/index.php\/wp-json\/wp\/v2\/comments?post=487"}],"version-history":[{"count":13,"href":"https:\/\/minicards.es\/index.php\/wp-json\/wp\/v2\/pages\/487\/revisions"}],"predecessor-version":[{"id":595,"href":"https:\/\/minicards.es\/index.php\/wp-json\/wp\/v2\/pages\/487\/revisions\/595"}],"wp:attachment":[{"href":"https:\/\/minicards.es\/index.php\/wp-json\/wp\/v2\/media?parent=487"}],"curies":[{"name":"wp","href":"https:\/\/api.w.org\/{rel}","templated":true}]}}