{"id":481,"date":"2020-11-04T20:07:02","date_gmt":"2020-11-04T20:07:02","guid":{"rendered":"http:\/\/minicards.es\/?page_id=481"},"modified":"2020-11-29T16:30:23","modified_gmt":"2020-11-29T16:30:23","slug":"su-exito","status":"publish","type":"page","link":"https:\/\/minicards.es\/index.php\/su-exito\/","title":{"rendered":"Ventajes"},"content":{"rendered":"\n<p><\/p>\n\n\n\n<figure class=\"wp-block-image size-large\"><img loading=\"lazy\" decoding=\"async\" width=\"638\" height=\"372\" src=\"http:\/\/minicards.es\/wp-content\/uploads\/2020\/11\/cleandynamics-1.png\" alt=\"\" class=\"wp-image-598\" srcset=\"https:\/\/minicards.es\/wp-content\/uploads\/2020\/11\/cleandynamics-1.png 638w, https:\/\/minicards.es\/wp-content\/uploads\/2020\/11\/cleandynamics-1-300x175.png 300w, https:\/\/minicards.es\/wp-content\/uploads\/2020\/11\/cleandynamics-1-16x9.png 16w\" sizes=\"(max-width: 638px) 100vw, 638px\" \/><\/figure>\n\n\n\n<ol type=\"1\"><li><strong>Aumenta el recuerdo de marca.<\/strong>&nbsp;El 80% de las personas que reciben un impacto desde una pantalla digital exterior recuerdan el mensaje, as\u00ed que se trata de un formato de lo m\u00e1s efectivo si lo que buscas es que se queden contigo.<\/li><li><strong>Es novedoso y atrevido<\/strong>. La carteler\u00eda digital es un formato espectacular y que todav\u00eda se percibe como algo nuevo, aunque lleve a\u00f1os entre nosotros. Por eso, es una herramienta fant\u00e1stica para las marcas que buscan destacar de la competencia por ser punteras, estar a la \u00faltima y atreverse con todo.<\/li><li><strong>Aprovecha las sinergias en el punto de venta<\/strong>. Como bien sabemos los marketers, no todas las decisiones de compra son racionales y muchas de ellas se hacen en el \u00faltimo momento. Por eso, influir al consumidor en el punto de venta puede ser clave para hacer que escoja nuestra marca. Y gracias a la publicidad digital din\u00e1mica en el punto de venta, podemos alcanzarle justo en el momento cr\u00edtico de la decisi\u00f3n.<\/li><li><strong>Capta la atenci\u00f3n.<\/strong>&nbsp;Comparado con la publicidad exterior convencional, el digital signage tiene la virtud de entrar por los ojos, sorprender al usuario y hacer que se quede con nosotros. Tanto es as\u00ed, que las personas dedican hasta un 60 % m\u00e1s de tiempo a mirar una pantalla digital que un soporte convencional.<\/li><li><strong>Mejora la experiencia de usuario en el punto de venta<\/strong>. \u00bfQu\u00e9 mejor manera de amenizar una cola que interactuando con un contenido interactivo? El digital signage puede crear experiencias \u00fanicas y hacer que el usuario asocie recuerdos positivos con la marca y el establecimiento.<\/li><li><strong>Es interactivo<\/strong>. Una de las ventajas clave de la carteler\u00eda digital frente a la convencional es que permite que el usuario establezca un di\u00e1logo con ella. Esto no solo incrementa el engagement y el recuerdo, sino que nos puede aportar informaci\u00f3n muy valiosa sobre c\u00f3mo se relacionan los usuarios con la marca.<\/li><li><strong>Permite la integraci\u00f3n con redes sociales y dispositivos m\u00f3viles<\/strong>. El digital signage, la geolocalizaci\u00f3n y los m\u00f3viles est\u00e1n hechos los unos para los otros. Si animas a los usuarios a interactuar con tus carteles digitales a trav\u00e9s de sus m\u00f3viles y a publicar el resultado en las redes sociales, estar\u00e1s aprovechando una fuente de viralizaci\u00f3n espectacular.<\/li><li><strong>Los contenidos se pueden modificar en tiempo real y adaptarse a diferentes p\u00fablicos y situaciones.<\/strong>&nbsp;La publicidad exterior tradicional no deja mucho margen de maniobra, ya que generalmente se contratan X espacios durante un tiempo determinado y el mensaje no puede modificarse. En cambio, con el digital signage, el anunciante tiene el poder para modificar los contenidos en tiempo real. Por ejemplo, puedes mostrar pantallas con informaci\u00f3n constantemente actualizada, o contenidos que cambien seg\u00fan la hora del d\u00eda. Y por supuesto, esta opci\u00f3n te permite reaccionar r\u00e1pidamente y adaptar tu mensaje para optimizar los contenidos en funci\u00f3n de los resultados.<\/li><\/ol>\n","protected":false},"excerpt":{"rendered":"<p>Aumenta el recuerdo de marca.&nbsp;El 80% de las personas que reciben un impacto desde una pantalla digital exterior recuerdan el mensaje, as\u00ed que se trata de un formato de lo m\u00e1s efectivo si lo que buscas es que se queden contigo. Es novedoso y atrevido. La carteler\u00eda digital es un formato espectacular y que todav\u00eda [&hellip;]<\/p>\n","protected":false},"author":1,"featured_media":0,"parent":0,"menu_order":0,"comment_status":"closed","ping_status":"closed","template":"","meta":{"footnotes":""},"_links":{"self":[{"href":"https:\/\/minicards.es\/index.php\/wp-json\/wp\/v2\/pages\/481"}],"collection":[{"href":"https:\/\/minicards.es\/index.php\/wp-json\/wp\/v2\/pages"}],"about":[{"href":"https:\/\/minicards.es\/index.php\/wp-json\/wp\/v2\/types\/page"}],"author":[{"embeddable":true,"href":"https:\/\/minicards.es\/index.php\/wp-json\/wp\/v2\/users\/1"}],"replies":[{"embeddable":true,"href":"https:\/\/minicards.es\/index.php\/wp-json\/wp\/v2\/comments?post=481"}],"version-history":[{"count":4,"href":"https:\/\/minicards.es\/index.php\/wp-json\/wp\/v2\/pages\/481\/revisions"}],"predecessor-version":[{"id":600,"href":"https:\/\/minicards.es\/index.php\/wp-json\/wp\/v2\/pages\/481\/revisions\/600"}],"wp:attachment":[{"href":"https:\/\/minicards.es\/index.php\/wp-json\/wp\/v2\/media?parent=481"}],"curies":[{"name":"wp","href":"https:\/\/api.w.org\/{rel}","templated":true}]}}