{"id":479,"date":"2020-11-04T20:06:34","date_gmt":"2020-11-04T20:06:34","guid":{"rendered":"http:\/\/minicards.es\/?page_id=479"},"modified":"2020-12-04T15:39:11","modified_gmt":"2020-12-04T15:39:11","slug":"como-funciona","status":"publish","type":"page","link":"https:\/\/minicards.es\/index.php\/como-funciona\/","title":{"rendered":"\u00bfC\u00f3mo funciona?"},"content":{"rendered":"\n<figure class=\"wp-block-image size-large is-resized\"><img loading=\"lazy\" decoding=\"async\" src=\"http:\/\/minicards.es\/wp-content\/uploads\/2020\/12\/fot-totem-met-sterretjes.jpg\" alt=\"\" class=\"wp-image-651\" width=\"408\" height=\"304\" srcset=\"https:\/\/minicards.es\/wp-content\/uploads\/2020\/12\/fot-totem-met-sterretjes.jpg 760w, https:\/\/minicards.es\/wp-content\/uploads\/2020\/12\/fot-totem-met-sterretjes-300x224.jpg 300w, https:\/\/minicards.es\/wp-content\/uploads\/2020\/12\/fot-totem-met-sterretjes-16x12.jpg 16w\" sizes=\"(max-width: 408px) 100vw, 408px\" \/><\/figure>\n\n\n\n<p><\/p>\n\n\n\n<p><strong>Software de se\u00f1alizaci\u00f3n digital que simplemente hace lo que se necesita<\/strong><\/p>\n\n\n\n<p>Hace a\u00f1os, comenzamos a desarrollar el software de se\u00f1alizaci\u00f3n digital Signagecontrol basado en 3 promesas de marca:<\/p>\n\n\n\n<ul><li>Tiene que ser&nbsp;divertido&nbsp;trabajar con \u00e9l<\/li><li><strong>F\u00e1cil&nbsp;<\/strong>de entender<\/li><li>Y tiene que provocar el factor&nbsp;WOW&nbsp;en pantalla<\/li><\/ul>\n\n\n\n<p>Con el software Signagecontrol puede crear contenido inspirador y armar grandes programas. El software es lo suficientemente l\u00f3gico y f\u00e1cil de usar para usuarios novatos, pero lo suficientemente potente como para administrar programas complejos en m\u00faltiples ubicaciones. Se pueden hacer enlaces para que el contenido se actualice autom\u00e1ticamente. Y a partir de una biblioteca repleta, los programas pueden complementarse con informaci\u00f3n interesante y de inter\u00e9s period\u00edstico.<\/p>\n\n\n\n<h2 class=\"wp-block-heading\">Todas las caracter\u00edsticas del software y soporte gratuitas<\/h2>\n\n\n\n<p>La plataforma de software de Signagecontrol tiene la mayor cantidad de funciones disponibles y dise\u00f1os atractivos. Todos estos son gratuitos para nuestros usuarios de software de se\u00f1alizaci\u00f3n digital e incluyen una licencia. Signagecontrol tambi\u00e9n tiene la ventaja de ser muy f\u00e1cil de usar. En solo unos minutos, puedes crear mensajes poderosos y hacer que se ejecuten en vivo en tus pantallas. Si a\u00fan necesitas ayuda para utilizar nuestra plataforma de software, nuestro equipo de atenci\u00f3n al cliente gratuito est\u00e1 aqu\u00ed, listo para ayudarte.<\/p>\n\n\n\n<p>Todos nuestros clientes pueden hacer uso gratuito de las posibilidades dentro de su licencia en nuestro software de se\u00f1alizaci\u00f3n digital. Reciben soporte gratuito y somos f\u00e1cilmente accesibles. Proporcionamos capacitaci\u00f3n, ofrecemos soluciones de se\u00f1alizaci\u00f3n digital a medida y seguimos de cerca las tendencias. De esta manera, mantenemos la calidad de Signagecontrol y tenemos clientes leales y satisfechos. Con la cantidad de clientes y licencias que tenemos, podemos ofrecer se\u00f1alizaci\u00f3n digital a la mejor relaci\u00f3n calidad-precio.<\/p>\n\n\n\n<h2 class=\"wp-block-heading\">Software de se\u00f1alizaci\u00f3n digital gratuito<\/h2>\n\n\n\n<p>Solicita tu demo gratuita de 31 d\u00edas ahora y prueba nuestro software de se\u00f1alizaci\u00f3n digital. Puedes probarlo gratis y durante un mes, podr\u00e1s crear plantillas y listas de reproducci\u00f3n dentro de nuestra plataforma de se\u00f1alizaci\u00f3n digital en tu propio escritorio. Entendemos que primero desees experimentar por t\u00ed mismo c\u00f3mo nuestra plataforma de se\u00f1alizaci\u00f3n digital cumple con tus expectativas. Es por eso que te ofrecemos una demostraci\u00f3n gratuita.<\/p>\n\n\n\n<p><strong><a href=\"mailto:info@minicards.es?subject=Prueba gratis\">Prueba gratis<\/a><\/strong><\/p>\n\n\n\n<p><\/p>\n\n\n\n<figure class=\"wp-block-image\"><img decoding=\"async\" src=\"blob:http:\/\/minicards.es\/8bed5b8c-c15e-4cf7-88bb-65ec8d5f5919\" alt=\"\"\/><\/figure>\n\n\n\n<h2 class=\"wp-block-heading\">\u00bfQu\u00e9 tan &#8216;gratuito&#8217; es el software de se\u00f1alizaci\u00f3n digital?<\/h2>\n\n\n\n<p>El software gratuito de se\u00f1alizaci\u00f3n digital es una promesa vac\u00eda. Gratis no es gratis. Ni siquiera con software de se\u00f1alizaci\u00f3n digital. Las plataformas de software que hacen tales ofertas obtienen sus ingresos adicionales a trav\u00e9s de actualizaciones obligatorias, ya sea porque su versi\u00f3n gratuita tiene posibilidades muy limitadas o porque usted y sus clientes se ven obligados a ver mensajes publicitarios continuos de terceros. Publicar actualizaciones de desarrollo y mejoras.<\/p>\n\n\n\n<p>Sin actualizaciones regulares, no tendr\u00e1 una plataforma de se\u00f1alizaci\u00f3n digital efectiva. Imagina la miseria de una pantalla continuamente negra. \u00bfY qu\u00e9 pasa con el hosting y el tr\u00e1fico de datos? \u00bfNo es necesario que esos bits y bytes lleguen a su reproductor de medios a trav\u00e9s de un servidor? Esta es la raz\u00f3n por la cual la transparencia es clave en la se\u00f1alizaci\u00f3n digital y por eso es importante tener en cuenta el precio general.<\/p>\n\n\n\n<p>La se\u00f1alizaci\u00f3n digital no es gratuita. Sin embargo, le daremos una muestra de nuestra plataforma de se\u00f1alizaci\u00f3n digital y, por lo tanto, lo invitaremos a ver nuestra versi\u00f3n de prueba gratuita y nuestras licencias de potencia completa. P\u00f3ngase en contacto con nosotros para obtener m\u00e1s informaci\u00f3n<\/p>\n\n\n\n<figure class=\"wp-block-image\"><img decoding=\"async\" src=\"blob:http:\/\/minicards.es\/fda541f1-6e74-49ca-b435-75a422589018\" alt=\"\"\/><\/figure>\n\n\n\n<h2 class=\"wp-block-heading\">Siempre en desarrollo<\/h2>\n\n\n\n<p>Tenemos un gran equipo que desarrolla continuamente nuestro software. Por ejemplo, te ahorramos el coste de un reproductor multimedia adicional ejecutando &#8216;nativo&#8217; en las \u00faltimas pantallas de Samsung. Trabajamos todos los d\u00edas para hacer que nuestro software sea a\u00fan mejor y m\u00e1s inteligente, para que puedas estar seguro de que siempre est\u00e1s trabajando con el mejor.<\/p>\n\n\n\n<p><strong><a href=\"mailto:info@minicards.es?subject=Prueba gratis\">Prueba gratis<\/a><\/strong><\/p>\n\n\n\n<p>M\u00e1s info:<\/p>\n\n\n\n<figure class=\"wp-block-video\"><video controls src=\"http:\/\/minicards.es\/wp-content\/uploads\/2020\/11\/video-explicacion-clips-y-playlist-Minicards-2.mp4\"><\/video><\/figure>\n","protected":false},"excerpt":{"rendered":"<p>Software de se\u00f1alizaci\u00f3n digital que simplemente hace lo que se necesita Hace a\u00f1os, comenzamos a desarrollar el software de se\u00f1alizaci\u00f3n digital Signagecontrol basado en 3 promesas de marca: Tiene que ser&nbsp;divertido&nbsp;trabajar con \u00e9l F\u00e1cil&nbsp;de entender Y tiene que provocar el factor&nbsp;WOW&nbsp;en pantalla Con el software Signagecontrol puede crear contenido inspirador y armar grandes programas. El [&hellip;]<\/p>\n","protected":false},"author":1,"featured_media":0,"parent":0,"menu_order":0,"comment_status":"closed","ping_status":"closed","template":"","meta":{"footnotes":""},"_links":{"self":[{"href":"https:\/\/minicards.es\/index.php\/wp-json\/wp\/v2\/pages\/479"}],"collection":[{"href":"https:\/\/minicards.es\/index.php\/wp-json\/wp\/v2\/pages"}],"about":[{"href":"https:\/\/minicards.es\/index.php\/wp-json\/wp\/v2\/types\/page"}],"author":[{"embeddable":true,"href":"https:\/\/minicards.es\/index.php\/wp-json\/wp\/v2\/users\/1"}],"replies":[{"embeddable":true,"href":"https:\/\/minicards.es\/index.php\/wp-json\/wp\/v2\/comments?post=479"}],"version-history":[{"count":12,"href":"https:\/\/minicards.es\/index.php\/wp-json\/wp\/v2\/pages\/479\/revisions"}],"predecessor-version":[{"id":652,"href":"https:\/\/minicards.es\/index.php\/wp-json\/wp\/v2\/pages\/479\/revisions\/652"}],"wp:attachment":[{"href":"https:\/\/minicards.es\/index.php\/wp-json\/wp\/v2\/media?parent=479"}],"curies":[{"name":"wp","href":"https:\/\/api.w.org\/{rel}","templated":true}]}}