{"id":139,"date":"2019-10-26T08:20:46","date_gmt":"2019-10-26T08:20:46","guid":{"rendered":"http:\/\/minicards.es\/home\/?page_id=139"},"modified":"2019-12-12T07:08:03","modified_gmt":"2019-12-12T07:08:03","slug":"anunciarse","status":"publish","type":"page","link":"https:\/\/minicards.es\/","title":{"rendered":"Anunciarse"},"content":{"rendered":"\n<h3 class=\"wp-block-heading\">Llegue a los turistas directamente y obtenga resultados medibles<\/h3>\n\n\n\n<p class=\"HomePageSecondBlock\">Los minicards proporcionan un m\u00e9todo efectivo para entregar su mensaje y medir la respuesta. Ofrecemos un paquete de servicios \u00abtodo en uno\u00bb para anunciarse con nosotros.<\/p>\n\n\n\n<p><strong><a class=\"maxbutton-3 maxbutton maxbutton-anunciar\" href=\"\/index.php\/contactenos\/\"><span class='mb-text'>Anunciate en Minicards<\/span><\/a><\/strong><\/p>\n\n\n\n<p style=\"text-align:center\"><img loading=\"lazy\" decoding=\"async\" width=\"1070\" height=\"715\" class=\"wp-image-178\" src=\"http:\/\/minicards.es\/wp-content\/uploads\/2019\/10\/display1.png\" alt=\"\" style=\"width: 500px;\" srcset=\"https:\/\/minicards.es\/wp-content\/uploads\/2019\/10\/display1.png 1070w, https:\/\/minicards.es\/wp-content\/uploads\/2019\/10\/display1-300x200.png 300w, https:\/\/minicards.es\/wp-content\/uploads\/2019\/10\/display1-768x513.png 768w, https:\/\/minicards.es\/wp-content\/uploads\/2019\/10\/display1-1024x684.png 1024w\" sizes=\"(max-width: 1070px) 100vw, 1070px\" \/><\/p>\n\n\n\n<h3 class=\"HomePageSubtitle wp-block-heading\"><strong>VISIBLE<\/strong><strong><\/strong><\/h3>\n\n\n\n<h3 class=\"wp-block-heading\">Los turistas obtienen la informaci\u00f3n de un vistazo<\/h3>\n\n\n\n<p>Los soportes de minicards son f\u00e1ciles de\nencontrar en hoteles y otros lugares tur\u00edsticos donde los turistas est\u00e1n buscando\nla informaci\u00f3n.&nbsp;Las tarjetas est\u00e1n bien organizadas y dan toda la\ninformaci\u00f3n en una manera clara y concisa.<\/p>\n\n\n\n<h3 class=\"HomePageSubtitle wp-block-heading\"><strong>POPULAR<\/strong><\/h3>\n\n\n\n<h3 class=\"wp-block-heading\">Simple\ny efectivo<\/h3>\n\n\n\n<p>Los minicards son gratis.&nbsp;Una tarjeta tiene toda la informaci\u00f3n relevante, pero cabe en un bolsillo o en un monedero.&nbsp;Los turistas usan con mucho gusto Minicards, especialmente los que tienen un descuento o un regalo.<\/p>\n\n\n\n<h3 class=\"wp-block-heading\">Por\nqu\u00e9 anunciarse en Minicards<\/h3>\n\n\n\n<ul><li>Es un concepto reconocible, simple y efectivo.<\/li><li>El resultado es medible con un descuento u otro beneficio<\/li><li>Paquete de servicio todo en uno que incluye el dise\u00f1o, impresi\u00f3n y distribuci\u00f3n a nuestras ubicaciones.<\/li><li>Tiene un gran alcance a trav\u00e9s de soportes en m\u00e1s de 900 ubicaciones en Espa\u00f1a; Barcelona, Madrid, Valencia, Canarias, Ibiza<\/li><\/ul>\n\n\n\n<h2 class=\"wp-block-heading\" style=\"text-align:center\">El paquete \u00abtodo en uno\u00bb para anunciantes<\/h2>\n\n\n\n<table class=\"wp-block-table is-style-stripes tabHomePage\"><tbody><tr><td><img loading=\"lazy\" decoding=\"async\" width=\"100\" height=\"100\" class=\"wp-image-247\" style=\"width: px;\" src=\"http:\/\/minicards.es\/wp-content\/uploads\/2019\/10\/services-design.png\" alt=\"\"><br><h3>Dise\u00f1o<\/h3><\/td><td><img loading=\"lazy\" decoding=\"async\" width=\"100\" height=\"100\" class=\"wp-image-249\" style=\"width: px;\" src=\"http:\/\/minicards.es\/wp-content\/uploads\/2019\/10\/services-printing.png\" alt=\"\"><br><h3>Impresos<\/h3><\/td><td><img loading=\"lazy\" decoding=\"async\" width=\"100\" height=\"100\" class=\"wp-image-248\" style=\"width: px;\" src=\"http:\/\/minicards.es\/wp-content\/uploads\/2019\/10\/services-distribution.png\" alt=\"\"><br><h3>Distribuc\u00f3n<\/h3><\/td><\/tr><tr><td>Dise\u00f1amos cada tarjeta con un mapa \u00fanico en la parte posterior. <\/td><td>Imprimimos Minicards para todos nuestros clientes. Adem\u00e1s, tambi\u00e9n proporcionamos almacenamiento para las tarjetas en nuestros almacenes. <\/td><td>Verificamos nuestras ubicaciones mensualmente y distribuimos las tarjetas para asegurarnos de que su Minicard est\u00e9 siempre visible. <\/td><\/tr><\/tbody><\/table>\n\n\n\n<h3 class=\"wp-block-heading\" style=\"text-align:center\">Minicards app para m\u00f3viles<\/h3>\n\n\n\n<div class=\"wp-block-image\"><figure class=\"aligncenter is-resized\"><img loading=\"lazy\" decoding=\"async\" src=\"http:\/\/minicards.es\/wp-content\/uploads\/2019\/10\/App-624x1024.png\" alt=\"\" class=\"wp-image-287\" width=\"245\" height=\"401\" srcset=\"https:\/\/minicards.es\/wp-content\/uploads\/2019\/10\/App-624x1024.png 624w, https:\/\/minicards.es\/wp-content\/uploads\/2019\/10\/App-183x300.png 183w, https:\/\/minicards.es\/wp-content\/uploads\/2019\/10\/App-768x1261.png 768w, https:\/\/minicards.es\/wp-content\/uploads\/2019\/10\/App.png 1114w\" sizes=\"(max-width: 245px) 100vw, 245px\" \/><\/figure><\/div>\n\n\n\n<div class=\"wp-block-columns has-2-columns is-layout-flex wp-container-core-columns-layout-1 wp-block-columns-is-layout-flex\">\n<div class=\"wp-block-column is-layout-flow wp-block-column-is-layout-flow\">\n<div class=\"wp-block-image tabHomePage\"><figure class=\"alignright\"><a href=\"https:\/\/apps.apple.com\/es\/app\/minicards\/id396655410\" target=\"_blank\" rel=\"noreferrer noopener\"><img loading=\"lazy\" decoding=\"async\" width=\"204\" height=\"59\" src=\"http:\/\/minicards.es\/wp-content\/uploads\/2019\/10\/iosstore.png\" alt=\"\" class=\"wp-image-292\"\/><\/a><\/figure><\/div>\n<\/div>\n\n\n\n<div class=\"wp-block-column is-layout-flow wp-block-column-is-layout-flow\">\n<div class=\"wp-block-image tabHomePage\"><figure class=\"alignleft\"><a href=\"https:\/\/play.google.com\/store\/apps\/details?id=com.minitpublicity.android.minicardsApp&amp;hl=es\" target=\"_blank\" rel=\"noreferrer noopener\"><img loading=\"lazy\" decoding=\"async\" width=\"204\" height=\"59\" src=\"http:\/\/minicards.es\/wp-content\/uploads\/2019\/10\/androidstore.png\" alt=\"\" class=\"wp-image-293\"\/><\/a><\/figure><\/div>\n<\/div>\n<\/div>\n\n\n\n<p style=\"color:#ffffff\" class=\"has-text-color\">Test<\/p>\n\n\n\n<h2 class=\"wp-block-heading\" style=\"text-align:center\">Anunciantes<\/h2>\n\n\n\n<table class=\"wp-block-table\"><tbody><tr><td><div class='white' style='background:rgb(255, 255, 255); border:solid 1px #f0f0f0; border-radius:5px; padding:8px 8px 8px 8px;'>\n<div id='sample_slider' class='owl-carousel sa_owl_theme owl-pagination-true autohide-arrows' data-slider-id='sample_slider' style='visibility:hidden;'>\n<div id='sample_slider_slide02' class='sa_hover_container' style='padding:5% 5%; margin:0px 0%; background-color:rgb(255, 255, 255); '><div style=\"text-align: center; padding-bottom: 10px;\">\r\n<div><img loading=\"lazy\" decoding=\"async\" class=\"alignnone wp-image-285 size-full\" src=\"http:\/\/minicards.es\/wp-content\/uploads\/2019\/10\/hardrock.png\" alt=\"\" width=\"192\" height=\"114\" \/><\/div>\r\n<\/div><\/div>\n<div id='sample_slider_slide01' class='sa_hover_container' style='padding:5% 5%; margin:0px 0%; background-color:rgb(255, 255, 255); '><div style=\"text-align: center; padding-bottom: 10px;\">\r\n<div>\u00a0<\/div>\r\n<h3><img loading=\"lazy\" decoding=\"async\" class=\"alignnone wp-image-286 size-full\" src=\"http:\/\/minicards.es\/wp-content\/uploads\/2019\/10\/zoo.png\" alt=\"\" width=\"259\" height=\"194\" \/><\/h3>\r\n<\/div><\/div>\n<div id='sample_slider_slide05' class='sa_hover_container' style='padding:5% 5%; margin:0px 0%; background-color:rgb(255, 255, 255); '><div><img loading=\"lazy\" decoding=\"async\" class=\"alignnone wp-image-282 size-medium\" src=\"http:\/\/minicards.es\/wp-content\/uploads\/2019\/10\/burgerking-300x204.jpg\" alt=\"\" width=\"300\" height=\"204\" srcset=\"https:\/\/minicards.es\/wp-content\/uploads\/2019\/10\/burgerking-300x204.jpg 300w, https:\/\/minicards.es\/wp-content\/uploads\/2019\/10\/burgerking-768x522.jpg 768w, https:\/\/minicards.es\/wp-content\/uploads\/2019\/10\/burgerking-1024x695.jpg 1024w, https:\/\/minicards.es\/wp-content\/uploads\/2019\/10\/burgerking.jpg 1200w\" sizes=\"(max-width: 300px) 100vw, 300px\" \/><\/div><\/div>\n<div id='sample_slider_slide04' class='sa_hover_container' style='padding:5% 5%; margin:0px 0%; background-color:rgb(255, 255, 255); '><div style=\"text-align: center; padding-bottom: 10px;\">\r\n<div><img loading=\"lazy\" decoding=\"async\" class=\"alignnone wp-image-283 size-full\" src=\"http:\/\/minicards.es\/wp-content\/uploads\/2019\/10\/casa-batllo.png\" alt=\"\" width=\"284\" height=\"177\" \/><\/div>\r\n<\/div><\/div>\n<div id='sample_slider_slide03' class='sa_hover_container' style='padding:5% 5%; margin:0px 0%; background-color:rgb(255, 255, 255); '><div style=\"text-align: center; padding-bottom: 10px;\">\r\n<div><img loading=\"lazy\" decoding=\"async\" class=\"alignnone wp-image-284 size-medium\" src=\"http:\/\/minicards.es\/wp-content\/uploads\/2019\/10\/desigual-300x210.jpg\" alt=\"\" width=\"300\" height=\"210\" srcset=\"https:\/\/minicards.es\/wp-content\/uploads\/2019\/10\/desigual-300x210.jpg 300w, https:\/\/minicards.es\/wp-content\/uploads\/2019\/10\/desigual-768x538.jpg 768w, https:\/\/minicards.es\/wp-content\/uploads\/2019\/10\/desigual.jpg 1000w\" sizes=\"(max-width: 300px) 100vw, 300px\" \/><\/div>\r\n<\/div><\/div>\n<\/div>\n<\/div>\n<script type='text\/javascript'>\n\tjQuery(document).ready(function() {\n\t\tjQuery('#sample_slider').owlCarousel({\n\t\t\tresponsive:{\n\t\t\t\t0:{ items:1 },\n\t\t\t\t480:{ items:2 },\n\t\t\t\t768:{ items:3 },\n\t\t\t\t980:{ items:4 },\n\t\t\t\t1200:{ items:4 },\n\t\t\t\t1500:{ items:4 }\n\t\t\t},\n\t\t\tautoplay : true,\n\t\t\tautoplayTimeout : 4000,\n\t\t\tautoplayHoverPause : true,\n\t\t\tsmartSpeed : 300,\n\t\t\tfluidSpeed : 300,\n\t\t\tautoplaySpeed : 300,\n\t\t\tnavSpeed : 300,\n\t\t\tdotsSpeed : 300,\n\t\t\tdotsEach : 1,\n\t\t\tloop : true,\n\t\t\tnav : true,\n\t\t\tnavText : ['Previous','Next'],\n\t\t\tdots : true,\n\t\t\tresponsiveRefreshRate : 200,\n\t\t\tslideBy : 1,\n\t\t\tmergeFit : true,\n\t\t\tautoHeight : false,\n\t\t\tmouseDrag : false,\n\t\t\ttouchDrag : true\n\t\t});\n\t\tjQuery('#sample_slider').css('visibility', 'visible');\n\t\tsa_resize_sample_slider();\n\t\twindow.addEventListener('resize', sa_resize_sample_slider);\n\t\tfunction sa_resize_sample_slider() {\n\t\t\tvar min_height = '50';\n\t\t\tvar win_width = jQuery(window).width();\n\t\t\tvar slider_width = jQuery('#sample_slider').width();\n\t\t\tif (win_width < 480) {\n\t\t\t\tvar slide_width = slider_width \/ 1;\n\t\t\t} else if (win_width < 768) {\n\t\t\t\tvar slide_width = slider_width \/ 2;\n\t\t\t} else if (win_width < 980) {\n\t\t\t\tvar slide_width = slider_width \/ 3;\n\t\t\t} else if (win_width < 1200) {\n\t\t\t\tvar slide_width = slider_width \/ 4;\n\t\t\t} else if (win_width < 1500) {\n\t\t\t\tvar slide_width = slider_width \/ 4;\n\t\t\t} else {\n\t\t\t\tvar slide_width = slider_width \/ 4;\n\t\t\t}\n\t\t\tslide_width = Math.round(slide_width);\n\t\t\tvar slide_height = '0';\n\t\t\tif (min_height == 'aspect43') {\n\t\t\t\tslide_height = (slide_width \/ 4) * 3;\t\t\t\tslide_height = Math.round(slide_height);\n\t\t\t} else if (min_height == 'aspect169') {\n\t\t\t\tslide_height = (slide_width \/ 16) * 9;\t\t\t\tslide_height = Math.round(slide_height);\n\t\t\t} else {\n\t\t\t\tslide_height = (slide_width \/ 100) * min_height;\t\t\t\tslide_height = Math.round(slide_height);\n\t\t\t}\n\t\t\tjQuery('#sample_slider .owl-item .sa_hover_container').css('min-height', slide_height+'px');\n\t\t}\n\t\tvar owl_goto = jQuery('#sample_slider');\n\t\tjQuery('.sample_slider_goto1').click(function(event){\n\t\t\towl_goto.trigger('to.owl.carousel', 0);\n\t\t});\n\t\tjQuery('.sample_slider_goto2').click(function(event){\n\t\t\towl_goto.trigger('to.owl.carousel', 1);\n\t\t});\n\t\tjQuery('.sample_slider_goto3').click(function(event){\n\t\t\towl_goto.trigger('to.owl.carousel', 2);\n\t\t});\n\t\tjQuery('.sample_slider_goto4').click(function(event){\n\t\t\towl_goto.trigger('to.owl.carousel', 3);\n\t\t});\n\t\tjQuery('.sample_slider_goto5').click(function(event){\n\t\t\towl_goto.trigger('to.owl.carousel', 4);\n\t\t});\n\t\tvar resize_280 = jQuery('.owl-carousel');\n\t\tresize_280.on('initialized.owl.carousel', function(e) {\n\t\t\tif (typeof(Event) === 'function') {\n\t\t\t\twindow.dispatchEvent(new Event('resize'));\n\t\t\t} else {\n\t\t\t\tvar evt = window.document.createEvent('UIEvents');\n\t\t\t\tevt.initUIEvent('resize', true, false, window, 0);\n\t\t\t\twindow.dispatchEvent(evt);\n\t\t\t}\n\t\t});\n\t});\n<\/script>\n<\/td><\/tr><\/tbody><\/table>\n","protected":false},"excerpt":{"rendered":"<p>Llegue a los turistas directamente y obtenga resultados medibles Los minicards proporcionan un m\u00e9todo efectivo para entregar su mensaje y medir la respuesta. Ofrecemos un paquete de servicios \u00abtodo en uno\u00bb para anunciarse con nosotros. VISIBLE Los turistas obtienen la informaci\u00f3n de un vistazo Los soportes de minicards son f\u00e1ciles de encontrar en hoteles y [&hellip;]<\/p>\n","protected":false},"author":1,"featured_media":106,"parent":0,"menu_order":0,"comment_status":"closed","ping_status":"closed","template":"","meta":{"footnotes":""},"_links":{"self":[{"href":"https:\/\/minicards.es\/index.php\/wp-json\/wp\/v2\/pages\/139"}],"collection":[{"href":"https:\/\/minicards.es\/index.php\/wp-json\/wp\/v2\/pages"}],"about":[{"href":"https:\/\/minicards.es\/index.php\/wp-json\/wp\/v2\/types\/page"}],"author":[{"embeddable":true,"href":"https:\/\/minicards.es\/index.php\/wp-json\/wp\/v2\/users\/1"}],"replies":[{"embeddable":true,"href":"https:\/\/minicards.es\/index.php\/wp-json\/wp\/v2\/comments?post=139"}],"version-history":[{"count":57,"href":"https:\/\/minicards.es\/index.php\/wp-json\/wp\/v2\/pages\/139\/revisions"}],"predecessor-version":[{"id":380,"href":"https:\/\/minicards.es\/index.php\/wp-json\/wp\/v2\/pages\/139\/revisions\/380"}],"wp:featuredmedia":[{"embeddable":true,"href":"https:\/\/minicards.es\/index.php\/wp-json\/wp\/v2\/media\/106"}],"wp:attachment":[{"href":"https:\/\/minicards.es\/index.php\/wp-json\/wp\/v2\/media?parent=139"}],"curies":[{"name":"wp","href":"https:\/\/api.w.org\/{rel}","templated":true}]}}