{"id":126,"date":"2019-10-26T08:01:29","date_gmt":"2019-10-26T08:01:29","guid":{"rendered":"http:\/\/minicards.es\/home\/?page_id=126"},"modified":"2019-12-11T14:37:53","modified_gmt":"2019-12-11T14:37:53","slug":"displays-para-hoteles","status":"publish","type":"page","link":"https:\/\/minicards.es\/index.php\/displays-para-hoteles\/","title":{"rendered":"Soportes para hoteles"},"content":{"rendered":"\n<h3 class=\"wp-block-heading\"><strong>Ofrece m\u00e1s a tus hu\u00e9spedes<\/strong><\/h3>\n\n\n\n<p>Minicards le ayuda a informar a sus clientes de una manera sofisticada y obtener los beneficios de las tarjetas. Este servicio adicional no le costar\u00e1 nada.<\/p>\n\n\n\n<p><strong><a class=\"maxbutton-1 maxbutton maxbutton-soporte\" href=\"\/index.php\/contactenos\/\"><span class='mb-text'>Solicitar un soporte<\/span><\/a><\/strong><br><\/p>\n\n\n\n<div class=\"wp-block-image is-resized\"><figure class=\"alignleft is-resized\"><img decoding=\"async\" src=\"http:\/\/minicards.es\/wp-content\/uploads\/2019\/10\/display4.png\" alt=\"\" class=\"wp-image-181\" width=\"800\" height=\"NaN\" srcset=\"https:\/\/minicards.es\/wp-content\/uploads\/2019\/10\/display4.png 807w, https:\/\/minicards.es\/wp-content\/uploads\/2019\/10\/display4-300x179.png 300w, https:\/\/minicards.es\/wp-content\/uploads\/2019\/10\/display4-768x459.png 768w\" sizes=\"(max-width: 807px) 100vw, 807px\" \/><\/figure><\/div>\n\n\n\n<h3 class=\"wp-block-heading\"><strong>Beneficios de Minicards para alojamiento<\/strong><\/h3>\n\n\n\n<ul><li>Servicio gratuito<\/li><li>Ayuda a informar a los hu\u00e9spedes de una manera sofisticada y organizada.<\/li><li>Descuentos para sus clientes<\/li><li>Una oferta amplia de la ciudad.<\/li><li>Revisamos regularmente las tarjetas para asegurarnos de que las ofertas actuales est\u00e9n siempre disponibles y que hay suficiente cantidad<\/li><li>Proporcionamos un citymap si se pueden usar sin limite, el citymap tiene un plan de metro y descuentos<\/li><\/ul>\n\n\n\n<figure class=\"wp-block-image is-resized\"><img decoding=\"async\" src=\"http:\/\/minicards.es\/wp-content\/uploads\/2019\/10\/display3-1024x731.png\" alt=\"\" class=\"wp-image-180\" width=\"800\" height=\"NaN\" srcset=\"https:\/\/minicards.es\/wp-content\/uploads\/2019\/10\/display3-1024x731.png 1024w, https:\/\/minicards.es\/wp-content\/uploads\/2019\/10\/display3-300x214.png 300w, https:\/\/minicards.es\/wp-content\/uploads\/2019\/10\/display3-768x548.png 768w, https:\/\/minicards.es\/wp-content\/uploads\/2019\/10\/display3.png 1082w\" sizes=\"(max-width: 1024px) 100vw, 1024px\" \/><\/figure>\n\n\n\n<h3 class=\"wp-block-heading\"><strong>Las tarjetas ayudan a los recepcionistas<\/strong><\/h3>\n\n\n\n<p>Los soportes est\u00e1n colocados&nbsp; cerca de la recepci\u00f3n y lo muestran la informaci\u00f3n de la ciudad claramente. Los recepcionistas a menudo usan los Minicards para presentarles lugares y oportunidades interesantes en la ciudad.<\/p>\n\n\n\n<figure class=\"wp-block-image is-resized\"><img decoding=\"async\" src=\"http:\/\/minicards.es\/wp-content\/uploads\/2019\/10\/houtendisplaycloseup.jpg\" alt=\"\" class=\"wp-image-183\" width=\"800\" height=\"NaN\" srcset=\"https:\/\/minicards.es\/wp-content\/uploads\/2019\/10\/houtendisplaycloseup.jpg 1000w, https:\/\/minicards.es\/wp-content\/uploads\/2019\/10\/houtendisplaycloseup-300x180.jpg 300w, https:\/\/minicards.es\/wp-content\/uploads\/2019\/10\/houtendisplaycloseup-768x461.jpg 768w\" sizes=\"(max-width: 1000px) 100vw, 1000px\" \/><\/figure>\n\n\n\n<h3 class=\"wp-block-heading\"><strong>Mapa de la ciudad gratuito para sus clientes<\/strong><\/h3>\n\n\n\n<p>Lo ofrecemos sin limite en Ingl\u00e9s y Chino<\/p>\n\n\n\n<figure class=\"wp-block-image is-resized\"><img decoding=\"async\" src=\"https:\/\/minicards.es\/wp-content\/uploads\/2019\/11\/IMG_20191117_164157.jpeg\" alt=\"\" class=\"wp-image-325\" width=\"800\" height=\"NaN\" srcset=\"https:\/\/minicards.es\/wp-content\/uploads\/2019\/11\/IMG_20191117_164157.jpeg 870w, https:\/\/minicards.es\/wp-content\/uploads\/2019\/11\/IMG_20191117_164157-300x138.jpeg 300w, https:\/\/minicards.es\/wp-content\/uploads\/2019\/11\/IMG_20191117_164157-768x353.jpeg 768w\" sizes=\"(max-width: 870px) 100vw, 870px\" \/><\/figure>\n\n\n<a class=\"maxbutton-2 maxbutton maxbutton-map\" href=\"\/index.php\/contactenos\/\"><span class='mb-text'>Solicitar un Citymap<\/span><\/a>\n\n\n\n<p><br><\/p>\n\n\n\n<h2 class=\"wp-block-heading\" style=\"text-align:center\"><strong>Hoteles colaboradores<\/strong><\/h2>\n\n\n\n<div class='white' style='background:rgb(238, 238, 238); border:solid 1px rgb(153, 153, 153); border-radius:0px; padding:0px 0px 0px 0px;'>\n<div id='slider_335' class='owl-carousel sa_owl_theme owl-pagination-true autohide-arrows' data-slider-id='slider_335' style='visibility:hidden;'>\n<div id='slider_335_slide01' class='sa_hover_container' style='padding:5% 5%; margin:0px 0%; '><p><img loading=\"lazy\" decoding=\"async\" class=\"alignnone size-full wp-image-334 aligncenter\" src=\"http:\/\/minicards.es\/wp-content\/uploads\/2019\/11\/ibis.png\" alt=\"\" width=\"250\" height=\"99\" \/><\/p><\/div>\n<div id='slider_335_slide02' class='sa_hover_container' style='padding:5% 5%; margin:0px 0%; '><p><img loading=\"lazy\" decoding=\"async\" class=\"alignnone size-full wp-image-333 aligncenter\" src=\"http:\/\/minicards.es\/wp-content\/uploads\/2019\/11\/holiday-inn-express.png\" alt=\"\" width=\"250\" height=\"160\" \/><\/p><\/div>\n<div id='slider_335_slide03' class='sa_hover_container' style='padding:5% 5%; margin:0px 0%; '><p><img loading=\"lazy\" decoding=\"async\" class=\"alignnone size-full wp-image-332 aligncenter\" src=\"http:\/\/minicards.es\/wp-content\/uploads\/2019\/11\/exe-hotels.png\" alt=\"\" width=\"250\" height=\"175\" \/><\/p><\/div>\n<div id='slider_335_slide04' class='sa_hover_container' style='padding:5% 5%; margin:0px 0%; '><p><img loading=\"lazy\" decoding=\"async\" class=\"alignnone size-full wp-image-331 aligncenter\" src=\"http:\/\/minicards.es\/wp-content\/uploads\/2019\/11\/evenia.png\" alt=\"\" width=\"250\" height=\"204\" \/><\/p><\/div>\n<div id='slider_335_slide05' class='sa_hover_container' style='padding:5% 5%; margin:0px 0%; '><p><img loading=\"lazy\" decoding=\"async\" class=\"alignnone size-full wp-image-330 aligncenter\" src=\"http:\/\/minicards.es\/wp-content\/uploads\/2019\/11\/best-western.png\" alt=\"\" width=\"250\" height=\"191\" \/><\/p><\/div>\n<\/div>\n<\/div>\n<script type='text\/javascript'>\n\tjQuery(document).ready(function() {\n\t\tjQuery('#slider_335').owlCarousel({\n\t\t\tresponsive:{\n\t\t\t\t0:{ items:1 },\n\t\t\t\t480:{ items:1 },\n\t\t\t\t768:{ items:1 },\n\t\t\t\t980:{ items:2 },\n\t\t\t\t1200:{ items:3 },\n\t\t\t\t1500:{ items:3 }\n\t\t\t},\n\t\t\tautoplay : true,\n\t\t\tautoplayTimeout : 5000,\n\t\t\tautoplayHoverPause : true,\n\t\t\tsmartSpeed : 200,\n\t\t\tfluidSpeed : 200,\n\t\t\tautoplaySpeed : 200,\n\t\t\tnavSpeed : 200,\n\t\t\tdotsSpeed : 200,\n\t\t\tloop : true,\n\t\t\tnav : true,\n\t\t\tnavText : ['Previous','Next'],\n\t\t\tdots : true,\n\t\t\tresponsiveRefreshRate : 200,\n\t\t\tslideBy : 1,\n\t\t\tmergeFit : true,\n\t\t\tautoHeight : false,\n\t\t\tmouseDrag : false,\n\t\t\ttouchDrag : true\n\t\t});\n\t\tjQuery('#slider_335').css('visibility', 'visible');\n\t\tsa_resize_slider_335();\n\t\twindow.addEventListener('resize', sa_resize_slider_335);\n\t\tfunction sa_resize_slider_335() {\n\t\t\tvar min_height = '50';\n\t\t\tvar win_width = jQuery(window).width();\n\t\t\tvar slider_width = jQuery('#slider_335').width();\n\t\t\tif (win_width < 480) {\n\t\t\t\tvar slide_width = slider_width \/ 1;\n\t\t\t} else if (win_width < 768) {\n\t\t\t\tvar slide_width = slider_width \/ 1;\n\t\t\t} else if (win_width < 980) {\n\t\t\t\tvar slide_width = slider_width \/ 1;\n\t\t\t} else if (win_width < 1200) {\n\t\t\t\tvar slide_width = slider_width \/ 2;\n\t\t\t} else if (win_width < 1500) {\n\t\t\t\tvar slide_width = slider_width \/ 3;\n\t\t\t} else {\n\t\t\t\tvar slide_width = slider_width \/ 3;\n\t\t\t}\n\t\t\tslide_width = Math.round(slide_width);\n\t\t\tvar slide_height = '0';\n\t\t\tif (min_height == 'aspect43') {\n\t\t\t\tslide_height = (slide_width \/ 4) * 3;\t\t\t\tslide_height = Math.round(slide_height);\n\t\t\t} else if (min_height == 'aspect169') {\n\t\t\t\tslide_height = (slide_width \/ 16) * 9;\t\t\t\tslide_height = Math.round(slide_height);\n\t\t\t} else {\n\t\t\t\tslide_height = (slide_width \/ 100) * min_height;\t\t\t\tslide_height = Math.round(slide_height);\n\t\t\t}\n\t\t\tjQuery('#slider_335 .owl-item .sa_hover_container').css('min-height', slide_height+'px');\n\t\t}\n\t\tvar owl_goto = jQuery('#slider_335');\n\t\tjQuery('.slider_335_goto1').click(function(event){\n\t\t\towl_goto.trigger('to.owl.carousel', 0);\n\t\t});\n\t\tjQuery('.slider_335_goto2').click(function(event){\n\t\t\towl_goto.trigger('to.owl.carousel', 1);\n\t\t});\n\t\tjQuery('.slider_335_goto3').click(function(event){\n\t\t\towl_goto.trigger('to.owl.carousel', 2);\n\t\t});\n\t\tjQuery('.slider_335_goto4').click(function(event){\n\t\t\towl_goto.trigger('to.owl.carousel', 3);\n\t\t});\n\t\tjQuery('.slider_335_goto5').click(function(event){\n\t\t\towl_goto.trigger('to.owl.carousel', 4);\n\t\t});\n\t\tvar resize_335 = jQuery('.owl-carousel');\n\t\tresize_335.on('initialized.owl.carousel', function(e) {\n\t\t\tif (typeof(Event) === 'function') {\n\t\t\t\twindow.dispatchEvent(new Event('resize'));\n\t\t\t} else {\n\t\t\t\tvar evt = window.document.createEvent('UIEvents');\n\t\t\t\tevt.initUIEvent('resize', true, false, window, 0);\n\t\t\t\twindow.dispatchEvent(evt);\n\t\t\t}\n\t\t});\n\t});\n<\/script>\n\n","protected":false},"excerpt":{"rendered":"<p>Ofrece m\u00e1s a tus hu\u00e9spedes Minicards le ayuda a informar a sus clientes de una manera sofisticada y obtener los beneficios de las tarjetas. Este servicio adicional no le costar\u00e1 nada. Beneficios de Minicards para alojamiento Servicio gratuito Ayuda a informar a los hu\u00e9spedes de una manera sofisticada y organizada. Descuentos para sus clientes Una [&hellip;]<\/p>\n","protected":false},"author":1,"featured_media":0,"parent":0,"menu_order":0,"comment_status":"closed","ping_status":"closed","template":"","meta":{"footnotes":""},"_links":{"self":[{"href":"https:\/\/minicards.es\/index.php\/wp-json\/wp\/v2\/pages\/126"}],"collection":[{"href":"https:\/\/minicards.es\/index.php\/wp-json\/wp\/v2\/pages"}],"about":[{"href":"https:\/\/minicards.es\/index.php\/wp-json\/wp\/v2\/types\/page"}],"author":[{"embeddable":true,"href":"https:\/\/minicards.es\/index.php\/wp-json\/wp\/v2\/users\/1"}],"replies":[{"embeddable":true,"href":"https:\/\/minicards.es\/index.php\/wp-json\/wp\/v2\/comments?post=126"}],"version-history":[{"count":33,"href":"https:\/\/minicards.es\/index.php\/wp-json\/wp\/v2\/pages\/126\/revisions"}],"predecessor-version":[{"id":360,"href":"https:\/\/minicards.es\/index.php\/wp-json\/wp\/v2\/pages\/126\/revisions\/360"}],"wp:attachment":[{"href":"https:\/\/minicards.es\/index.php\/wp-json\/wp\/v2\/media?parent=126"}],"curies":[{"name":"wp","href":"https:\/\/api.w.org\/{rel}","templated":true}]}}